{"id":1682,"date":"2021-04-27T16:07:05","date_gmt":"2021-04-27T16:07:05","guid":{"rendered":"https:\/\/www.claybyme.com\/?page_id=1682"},"modified":"2021-04-27T16:24:41","modified_gmt":"2021-04-27T16:24:41","slug":"platnosci","status":"publish","type":"page","link":"https:\/\/www.claybyme.com\/index.php\/platnosci\/","title":{"rendered":"P\u0142atno\u015bci"},"content":{"rendered":"\t\t<div data-elementor-type=\"wp-post\" data-elementor-id=\"1682\" class=\"elementor elementor-1682\">\r\n\t\t\t\t\t\t<section class=\"elementor-section elementor-top-section elementor-element elementor-element-9ff25fa elementor-section-content-middle elementor-section-boxed elementor-section-height-default elementor-section-height-default\" data-id=\"9ff25fa\" data-element_type=\"section\" data-settings=\"{&quot;background_background&quot;:&quot;classic&quot;}\">\r\n\t\t\t\t\t\t\t<div class=\"elementor-background-overlay\"><\/div>\r\n\t\t\t\t\t\t\t<div class=\"elementor-container elementor-column-gap-no\">\r\n\t\t\t\t\t<div class=\"elementor-column elementor-col-100 elementor-top-column elementor-element elementor-element-aa2695b\" data-id=\"aa2695b\" data-element_type=\"column\">\r\n\t\t\t<div class=\"elementor-widget-wrap elementor-element-populated\">\r\n\t\t\t\t\t\t<div class=\"elementor-element elementor-element-5f3f64d elementor-widget elementor-widget-heading\" data-id=\"5f3f64d\" data-element_type=\"widget\" data-widget_type=\"heading.default\">\r\n\t\t\t\t<div class=\"elementor-widget-container\">\r\n\t\t\t<h1 class=\"elementor-heading-title elementor-size-default\">P\u0142atno\u015bci<\/h1>\t\t<\/div>\r\n\t\t\t\t<\/div>\r\n\t\t\t\t\t<\/div>\r\n\t\t<\/div>\r\n\t\t\t\t\t<\/div>\r\n\t\t<\/section>\r\n\t\t\t\t<section class=\"elementor-section elementor-top-section elementor-element elementor-element-8977841 elementor-section-boxed elementor-section-height-default elementor-section-height-default\" data-id=\"8977841\" data-element_type=\"section\">\r\n\t\t\t\t\t\t<div class=\"elementor-container elementor-column-gap-no\">\r\n\t\t\t\t\t<div class=\"elementor-column elementor-col-100 elementor-top-column elementor-element elementor-element-462fd1a\" data-id=\"462fd1a\" data-element_type=\"column\">\r\n\t\t\t<div class=\"elementor-widget-wrap elementor-element-populated\">\r\n\t\t\t\t\t\t<div class=\"elementor-element elementor-element-145d2cf elementor-widget elementor-widget-text-editor\" data-id=\"145d2cf\" data-element_type=\"widget\" data-widget_type=\"text-editor.default\">\r\n\t\t\t\t<div class=\"elementor-widget-container\">\r\n\t\t\t\t\t\t\t<p>W naszym sklepie udost\u0119pniamy Pa\u0144stwu wiele wygodnych i prostych sposob\u00f3w na op\u0142acenie zam\u00f3wienia. W przypadku p\u0142atno\u015bci elektronicznych proponujemy korzystanie z wygodnej platformy &#8211; Hotpay.<\/p><p><img decoding=\"async\" class=\"alignnone size-full wp-image-1684\" src=\"https:\/\/www.claybyme.com\/wp-content\/uploads\/2021\/04\/hotpay.png\" alt=\"hotpay logo\" width=\"250\" height=\"47\" \/><\/p><p>\u00a0<\/p><p><strong>P\u0142atno\u015b\u0107 online<\/strong> &#8211; p\u0142atno\u015bci online (e-transfery) za po\u015brednictwem Hotpay. Jest to polecany spos\u00f3b p\u0142atno\u015bci. Po jego wykonaniu pieni\u0105dze od razu znajduj\u0105 si\u0119 na naszym koncie. Mo\u017cemy przej\u015b\u0107 do realizacji zam\u00f3wienia, dzi\u0119ki czemu Pa\u0144stwo szybciej otrzymuj\u0105 przesy\u0142k\u0119.<\/p><p><strong>P\u0142atno\u015b\u0107 kart\u0105<\/strong> &#8211; p\u0142atno\u015b\u0107 kartami p\u0142atniczymi za po\u015brednictwem platformy Hotpay.<\/p><p><strong>P\u0142atno\u015b\u0107 za pobraniem<\/strong> &#8211; P\u0142atno\u015b\u0107 za pobraniem (p\u0142atno\u015b\u0107 przy odbiorze) &#8211; do kwoty zam\u00f3wienia doliczone s\u0105 4 z\u0142.<\/p><p><strong>Tradycyjny przelew<\/strong> &#8211; Platno\u015b\u0107 za pomoc\u0105 tradycyjnego przelewu na konto. Czas realizacji zam\u00f3wienia mo\u017ce si\u0119 wyd\u0142u\u017cy\u0107 o czas wykonania przelewu. Na przelew czekamy maksymalnie 7 dni roboczych. Po tym terminie zam\u00f3wienie zostanie anulowane.<\/p><p><span style=\"text-decoration: underline;\">Dane do przelewu:<\/span><br \/>w\u0142a\u015bciciel konta: <strong>\u0141ukasz Konopi\u0144ski<\/strong><br \/>nr konta: <strong>69 1160 2202 0000 0002 8635 7239<\/strong> (Bank Millenium)<\/p><p>\u00a0<\/p><p><strong>Potrzebujesz pomocy? <\/strong>Skontaktuj sie z nami &#8211; <a href=\"https:\/\/www.claybyme.com\/index.php\/kontakt\/\">kliknij tu!<\/a><\/p>\t\t\t\t\t\t<\/div>\r\n\t\t\t\t<\/div>\r\n\t\t\t\t\t<\/div>\r\n\t\t<\/div>\r\n\t\t\t\t\t<\/div>\r\n\t\t<\/section>\r\n\t\t\t\t<\/div>\r\n\t\t","protected":false},"excerpt":{"rendered":"<p>P\u0142atno\u015bci W naszym sklepie udost\u0119pniamy Pa\u0144stwu wiele wygodnych i prostych sposob\u00f3w na op\u0142acenie zam\u00f3wienia. W przypadku p\u0142atno\u015bci elektronicznych proponujemy korzystanie z wygodnej platformy &#8211; Hotpay. \u00a0 P\u0142atno\u015b\u0107 online &#8211; p\u0142atno\u015bci online (e-transfery) za po\u015brednictwem Hotpay. Jest to polecany spos\u00f3b p\u0142atno\u015bci. Po jego wykonaniu pieni\u0105dze od razu znajduj\u0105 si\u0119 na naszym koncie. Mo\u017cemy przej\u015b\u0107 do realizacji [&hellip;]<\/p>\n","protected":false},"author":1,"featured_media":0,"parent":0,"menu_order":0,"comment_status":"closed","ping_status":"closed","template":"","meta":{"site-sidebar-layout":"no-sidebar","site-content-layout":"page-builder","ast-site-content-layout":"","site-content-style":"default","site-sidebar-style":"default","ast-global-header-display":"","ast-banner-title-visibility":"","ast-main-header-display":"","ast-hfb-above-header-display":"","ast-hfb-below-header-display":"","ast-hfb-mobile-header-display":"","site-post-title":"disabled","ast-breadcrumbs-content":"","ast-featured-img":"disabled","footer-sml-layout":"","theme-transparent-header-meta":"enabled","adv-header-id-meta":"","stick-header-meta":"","header-above-stick-meta":"","header-main-stick-meta":"","header-below-stick-meta":"","astra-migrate-meta-layouts":"default","ast-page-background-enabled":"default","ast-page-background-meta":{"desktop":{"background-color":"","background-image":"","background-repeat":"repeat","background-position":"center center","background-size":"auto","background-attachment":"scroll","background-type":"","background-media":"","overlay-type":"","overlay-color":"","overlay-opacity":"","overlay-gradient":""},"tablet":{"background-color":"","background-image":"","background-repeat":"repeat","background-position":"center center","background-size":"auto","background-attachment":"scroll","background-type":"","background-media":"","overlay-type":"","overlay-color":"","overlay-opacity":"","overlay-gradient":""},"mobile":{"background-color":"","background-image":"","background-repeat":"repeat","background-position":"center center","background-size":"auto","background-attachment":"scroll","background-type":"","background-media":"","overlay-type":"","overlay-color":"","overlay-opacity":"","overlay-gradient":""}},"ast-content-background-meta":{"desktop":{"background-color":"var(--ast-global-color-5)","background-image":"","background-repeat":"repeat","background-position":"center center","background-size":"auto","background-attachment":"scroll","background-type":"","background-media":"","overlay-type":"","overlay-color":"","overlay-opacity":"","overlay-gradient":""},"tablet":{"background-color":"var(--ast-global-color-5)","background-image":"","background-repeat":"repeat","background-position":"center center","background-size":"auto","background-attachment":"scroll","background-type":"","background-media":"","overlay-type":"","overlay-color":"","overlay-opacity":"","overlay-gradient":""},"mobile":{"background-color":"var(--ast-global-color-5)","background-image":"","background-repeat":"repeat","background-position":"center center","background-size":"auto","background-attachment":"scroll","background-type":"","background-media":"","overlay-type":"","overlay-color":"","overlay-opacity":"","overlay-gradient":""}},"footnotes":""},"class_list":["post-1682","page","type-page","status-publish","hentry"],"yoast_head":"<!-- This site is optimized with the Yoast SEO plugin v23.5 - https:\/\/yoast.com\/wordpress\/plugins\/seo\/ -->\n<title>P\u0142atno\u015bci - claybyme<\/title>\n<meta name=\"robots\" content=\"index, follow, max-snippet:-1, max-image-preview:large, max-video-preview:-1\" \/>\n<link rel=\"canonical\" href=\"https:\/\/www.claybyme.com\/index.php\/platnosci\/\" \/>\n<meta property=\"og:locale\" content=\"pl_PL\" \/>\n<meta property=\"og:type\" content=\"article\" \/>\n<meta property=\"og:title\" content=\"P\u0142atno\u015bci - claybyme\" \/>\n<meta property=\"og:description\" content=\"P\u0142atno\u015bci W naszym sklepie udost\u0119pniamy Pa\u0144stwu wiele wygodnych i prostych sposob\u00f3w na op\u0142acenie zam\u00f3wienia. W przypadku p\u0142atno\u015bci elektronicznych proponujemy korzystanie z wygodnej platformy &#8211; Hotpay. \u00a0 P\u0142atno\u015b\u0107 online &#8211; p\u0142atno\u015bci online (e-transfery) za po\u015brednictwem Hotpay. Jest to polecany spos\u00f3b p\u0142atno\u015bci. Po jego wykonaniu pieni\u0105dze od razu znajduj\u0105 si\u0119 na naszym koncie. Mo\u017cemy przej\u015b\u0107 do realizacji [&hellip;]\" \/>\n<meta property=\"og:url\" content=\"https:\/\/www.claybyme.com\/index.php\/platnosci\/\" \/>\n<meta property=\"og:site_name\" content=\"claybyme\" \/>\n<meta property=\"article:modified_time\" content=\"2021-04-27T16:24:41+00:00\" \/>\n<meta property=\"og:image\" content=\"https:\/\/www.claybyme.com\/wp-content\/uploads\/2021\/04\/hotpay.png\" \/>\n<meta name=\"twitter:card\" content=\"summary_large_image\" \/>\n<meta name=\"twitter:label1\" content=\"Szacowany czas czytania\" \/>\n\t<meta name=\"twitter:data1\" content=\"1 minuta\" \/>\n<script type=\"application\/ld+json\" class=\"yoast-schema-graph\">{\"@context\":\"https:\/\/schema.org\",\"@graph\":[{\"@type\":\"WebPage\",\"@id\":\"https:\/\/www.claybyme.com\/index.php\/platnosci\/\",\"url\":\"https:\/\/www.claybyme.com\/index.php\/platnosci\/\",\"name\":\"P\u0142atno\u015bci - claybyme\",\"isPartOf\":{\"@id\":\"https:\/\/www.claybyme.com\/#website\"},\"primaryImageOfPage\":{\"@id\":\"https:\/\/www.claybyme.com\/index.php\/platnosci\/#primaryimage\"},\"image\":{\"@id\":\"https:\/\/www.claybyme.com\/index.php\/platnosci\/#primaryimage\"},\"thumbnailUrl\":\"https:\/\/www.claybyme.com\/wp-content\/uploads\/2021\/04\/hotpay.png\",\"datePublished\":\"2021-04-27T16:07:05+00:00\",\"dateModified\":\"2021-04-27T16:24:41+00:00\",\"breadcrumb\":{\"@id\":\"https:\/\/www.claybyme.com\/index.php\/platnosci\/#breadcrumb\"},\"inLanguage\":\"pl-PL\",\"potentialAction\":[{\"@type\":\"ReadAction\",\"target\":[\"https:\/\/www.claybyme.com\/index.php\/platnosci\/\"]}]},{\"@type\":\"ImageObject\",\"inLanguage\":\"pl-PL\",\"@id\":\"https:\/\/www.claybyme.com\/index.php\/platnosci\/#primaryimage\",\"url\":\"https:\/\/www.claybyme.com\/wp-content\/uploads\/2021\/04\/hotpay.png\",\"contentUrl\":\"https:\/\/www.claybyme.com\/wp-content\/uploads\/2021\/04\/hotpay.png\",\"width\":250,\"height\":47,\"caption\":\"hotpay logo\"},{\"@type\":\"BreadcrumbList\",\"@id\":\"https:\/\/www.claybyme.com\/index.php\/platnosci\/#breadcrumb\",\"itemListElement\":[{\"@type\":\"ListItem\",\"position\":1,\"name\":\"Strona g\u0142\u00f3wna\",\"item\":\"https:\/\/www.claybyme.com\/\"},{\"@type\":\"ListItem\",\"position\":2,\"name\":\"P\u0142atno\u015bci\"}]},{\"@type\":\"WebSite\",\"@id\":\"https:\/\/www.claybyme.com\/#website\",\"url\":\"https:\/\/www.claybyme.com\/\",\"name\":\"claybyme\",\"description\":\"\",\"publisher\":{\"@id\":\"https:\/\/www.claybyme.com\/#organization\"},\"potentialAction\":[{\"@type\":\"SearchAction\",\"target\":{\"@type\":\"EntryPoint\",\"urlTemplate\":\"https:\/\/www.claybyme.com\/?s={search_term_string}\"},\"query-input\":{\"@type\":\"PropertyValueSpecification\",\"valueRequired\":true,\"valueName\":\"search_term_string\"}}],\"inLanguage\":\"pl-PL\"},{\"@type\":\"Organization\",\"@id\":\"https:\/\/www.claybyme.com\/#organization\",\"name\":\"claybyme\",\"url\":\"https:\/\/www.claybyme.com\/\",\"logo\":{\"@type\":\"ImageObject\",\"inLanguage\":\"pl-PL\",\"@id\":\"https:\/\/www.claybyme.com\/#\/schema\/logo\/image\/\",\"url\":\"https:\/\/www.claybyme.com\/wp-content\/uploads\/2021\/03\/logo_trans.png\",\"contentUrl\":\"https:\/\/www.claybyme.com\/wp-content\/uploads\/2021\/03\/logo_trans.png\",\"width\":877,\"height\":733,\"caption\":\"claybyme\"},\"image\":{\"@id\":\"https:\/\/www.claybyme.com\/#\/schema\/logo\/image\/\"}}]}<\/script>\n<!-- \/ Yoast SEO plugin. -->","yoast_head_json":{"title":"P\u0142atno\u015bci - claybyme","robots":{"index":"index","follow":"follow","max-snippet":"max-snippet:-1","max-image-preview":"max-image-preview:large","max-video-preview":"max-video-preview:-1"},"canonical":"https:\/\/www.claybyme.com\/index.php\/platnosci\/","og_locale":"pl_PL","og_type":"article","og_title":"P\u0142atno\u015bci - claybyme","og_description":"P\u0142atno\u015bci W naszym sklepie udost\u0119pniamy Pa\u0144stwu wiele wygodnych i prostych sposob\u00f3w na op\u0142acenie zam\u00f3wienia. W przypadku p\u0142atno\u015bci elektronicznych proponujemy korzystanie z wygodnej platformy &#8211; Hotpay. \u00a0 P\u0142atno\u015b\u0107 online &#8211; p\u0142atno\u015bci online (e-transfery) za po\u015brednictwem Hotpay. Jest to polecany spos\u00f3b p\u0142atno\u015bci. Po jego wykonaniu pieni\u0105dze od razu znajduj\u0105 si\u0119 na naszym koncie. Mo\u017cemy przej\u015b\u0107 do realizacji [&hellip;]","og_url":"https:\/\/www.claybyme.com\/index.php\/platnosci\/","og_site_name":"claybyme","article_modified_time":"2021-04-27T16:24:41+00:00","og_image":[{"url":"https:\/\/www.claybyme.com\/wp-content\/uploads\/2021\/04\/hotpay.png"}],"twitter_card":"summary_large_image","twitter_misc":{"Szacowany czas czytania":"1 minuta"},"schema":{"@context":"https:\/\/schema.org","@graph":[{"@type":"WebPage","@id":"https:\/\/www.claybyme.com\/index.php\/platnosci\/","url":"https:\/\/www.claybyme.com\/index.php\/platnosci\/","name":"P\u0142atno\u015bci - claybyme","isPartOf":{"@id":"https:\/\/www.claybyme.com\/#website"},"primaryImageOfPage":{"@id":"https:\/\/www.claybyme.com\/index.php\/platnosci\/#primaryimage"},"image":{"@id":"https:\/\/www.claybyme.com\/index.php\/platnosci\/#primaryimage"},"thumbnailUrl":"https:\/\/www.claybyme.com\/wp-content\/uploads\/2021\/04\/hotpay.png","datePublished":"2021-04-27T16:07:05+00:00","dateModified":"2021-04-27T16:24:41+00:00","breadcrumb":{"@id":"https:\/\/www.claybyme.com\/index.php\/platnosci\/#breadcrumb"},"inLanguage":"pl-PL","potentialAction":[{"@type":"ReadAction","target":["https:\/\/www.claybyme.com\/index.php\/platnosci\/"]}]},{"@type":"ImageObject","inLanguage":"pl-PL","@id":"https:\/\/www.claybyme.com\/index.php\/platnosci\/#primaryimage","url":"https:\/\/www.claybyme.com\/wp-content\/uploads\/2021\/04\/hotpay.png","contentUrl":"https:\/\/www.claybyme.com\/wp-content\/uploads\/2021\/04\/hotpay.png","width":250,"height":47,"caption":"hotpay logo"},{"@type":"BreadcrumbList","@id":"https:\/\/www.claybyme.com\/index.php\/platnosci\/#breadcrumb","itemListElement":[{"@type":"ListItem","position":1,"name":"Strona g\u0142\u00f3wna","item":"https:\/\/www.claybyme.com\/"},{"@type":"ListItem","position":2,"name":"P\u0142atno\u015bci"}]},{"@type":"WebSite","@id":"https:\/\/www.claybyme.com\/#website","url":"https:\/\/www.claybyme.com\/","name":"claybyme","description":"","publisher":{"@id":"https:\/\/www.claybyme.com\/#organization"},"potentialAction":[{"@type":"SearchAction","target":{"@type":"EntryPoint","urlTemplate":"https:\/\/www.claybyme.com\/?s={search_term_string}"},"query-input":{"@type":"PropertyValueSpecification","valueRequired":true,"valueName":"search_term_string"}}],"inLanguage":"pl-PL"},{"@type":"Organization","@id":"https:\/\/www.claybyme.com\/#organization","name":"claybyme","url":"https:\/\/www.claybyme.com\/","logo":{"@type":"ImageObject","inLanguage":"pl-PL","@id":"https:\/\/www.claybyme.com\/#\/schema\/logo\/image\/","url":"https:\/\/www.claybyme.com\/wp-content\/uploads\/2021\/03\/logo_trans.png","contentUrl":"https:\/\/www.claybyme.com\/wp-content\/uploads\/2021\/03\/logo_trans.png","width":877,"height":733,"caption":"claybyme"},"image":{"@id":"https:\/\/www.claybyme.com\/#\/schema\/logo\/image\/"}}]}},"jetpack_sharing_enabled":true,"_links":{"self":[{"href":"https:\/\/www.claybyme.com\/index.php\/wp-json\/wp\/v2\/pages\/1682"}],"collection":[{"href":"https:\/\/www.claybyme.com\/index.php\/wp-json\/wp\/v2\/pages"}],"about":[{"href":"https:\/\/www.claybyme.com\/index.php\/wp-json\/wp\/v2\/types\/page"}],"author":[{"embeddable":true,"href":"https:\/\/www.claybyme.com\/index.php\/wp-json\/wp\/v2\/users\/1"}],"replies":[{"embeddable":true,"href":"https:\/\/www.claybyme.com\/index.php\/wp-json\/wp\/v2\/comments?post=1682"}],"version-history":[{"count":0,"href":"https:\/\/www.claybyme.com\/index.php\/wp-json\/wp\/v2\/pages\/1682\/revisions"}],"wp:attachment":[{"href":"https:\/\/www.claybyme.com\/index.php\/wp-json\/wp\/v2\/media?parent=1682"}],"curies":[{"name":"wp","href":"https:\/\/api.w.org\/{rel}","templated":true}]}}