{"id":1700,"date":"2021-04-27T16:49:25","date_gmt":"2021-04-27T16:49:25","guid":{"rendered":"https:\/\/www.claybyme.com\/?page_id=1700"},"modified":"2021-05-03T17:01:13","modified_gmt":"2021-05-03T17:01:13","slug":"jak_zamawiac","status":"publish","type":"page","link":"https:\/\/www.claybyme.com\/index.php\/jak_zamawiac\/","title":{"rendered":"Jak zamawia\u0107"},"content":{"rendered":"\t\t<div data-elementor-type=\"wp-post\" data-elementor-id=\"1700\" class=\"elementor elementor-1700\">\r\n\t\t\t\t\t\t<section class=\"elementor-section elementor-top-section elementor-element elementor-element-9ff25fa elementor-section-content-middle elementor-section-boxed elementor-section-height-default elementor-section-height-default\" data-id=\"9ff25fa\" data-element_type=\"section\" data-settings=\"{&quot;background_background&quot;:&quot;classic&quot;}\">\r\n\t\t\t\t\t\t\t<div class=\"elementor-background-overlay\"><\/div>\r\n\t\t\t\t\t\t\t<div class=\"elementor-container elementor-column-gap-no\">\r\n\t\t\t\t\t<div class=\"elementor-column elementor-col-100 elementor-top-column elementor-element elementor-element-aa2695b\" data-id=\"aa2695b\" data-element_type=\"column\">\r\n\t\t\t<div class=\"elementor-widget-wrap elementor-element-populated\">\r\n\t\t\t\t\t\t<div class=\"elementor-element elementor-element-5f3f64d elementor-widget elementor-widget-heading\" data-id=\"5f3f64d\" data-element_type=\"widget\" data-widget_type=\"heading.default\">\r\n\t\t\t\t<div class=\"elementor-widget-container\">\r\n\t\t\t<h1 class=\"elementor-heading-title elementor-size-default\">Jak zamawia\u0107<\/h1>\t\t<\/div>\r\n\t\t\t\t<\/div>\r\n\t\t\t\t\t<\/div>\r\n\t\t<\/div>\r\n\t\t\t\t\t<\/div>\r\n\t\t<\/section>\r\n\t\t\t\t<section class=\"elementor-section elementor-top-section elementor-element elementor-element-8977841 elementor-section-boxed elementor-section-height-default elementor-section-height-default\" data-id=\"8977841\" data-element_type=\"section\">\r\n\t\t\t\t\t\t<div class=\"elementor-container elementor-column-gap-no\">\r\n\t\t\t\t\t<div class=\"elementor-column elementor-col-100 elementor-top-column elementor-element elementor-element-462fd1a\" data-id=\"462fd1a\" data-element_type=\"column\">\r\n\t\t\t<div class=\"elementor-widget-wrap elementor-element-populated\">\r\n\t\t\t\t\t\t<div class=\"elementor-element elementor-element-145d2cf elementor-widget elementor-widget-text-editor\" data-id=\"145d2cf\" data-element_type=\"widget\" data-widget_type=\"text-editor.default\">\r\n\t\t\t\t<div class=\"elementor-widget-container\">\r\n\t\t\t\t\t\t\t<p>Nie wiesz jak z\u0142ozy\u0107 zam\u00f3wienie? Poni\u017cej znajdziesz kr\u00f3tki opis co nalezy zrobi\u0107, aby z\u0142ozyc poprawnie zam\u00f3wienie. W razie gdyby\u015b mia\u0142 problemy, nie przejmuj si\u0119 &#8211; po prostu skontaktuj sie z nami, postaramy si\u0119 pom\u00f3c (<a href=\"https:\/\/www.claybyme.com\/index.php\/kontakt\/\">kliknij tu aby si\u0119 skontaktowa\u0107 z nami<\/a>).<\/p>\t\t\t\t\t\t<\/div>\r\n\t\t\t\t<\/div>\r\n\t\t\t\t<div class=\"elementor-element elementor-element-2d1b874 elementor-widget__width-initial elementor-widget elementor-widget-text-editor\" data-id=\"2d1b874\" data-element_type=\"widget\" data-widget_type=\"text-editor.default\">\r\n\t\t\t\t<div class=\"elementor-widget-container\">\r\n\t\t\t\t\t\t\t<p><strong>1. Dodaj produkt do koszyka<\/strong><\/p><p><img decoding=\"async\" class=\"aligncenter wp-image-1705\" src=\"https:\/\/www.claybyme.com\/wp-content\/uploads\/2021\/04\/buy-icon-150x150.png\" alt=\"ad_to_cart\" width=\"100\" height=\"100\" srcset=\"https:\/\/www.claybyme.com\/wp-content\/uploads\/2021\/04\/buy-icon-150x150.png 150w, https:\/\/www.claybyme.com\/wp-content\/uploads\/2021\/04\/buy-icon-100x100.png 100w, https:\/\/www.claybyme.com\/wp-content\/uploads\/2021\/04\/buy-icon.png 250w\" sizes=\"(max-width: 100px) 100vw, 100px\" \/><br \/>Dodaj produkt, kt\u00f3ry chcesz kupi\u0107 do koszyka korzystaj\u0105c z przycisku &#8220;Do koszyka&#8221;.\u00a0Kontynuuj zakupy<\/p>\t\t\t\t\t\t<\/div>\r\n\t\t\t\t<\/div>\r\n\t\t\t\t<div class=\"elementor-element elementor-element-cc16261 elementor-widget__width-initial elementor-widget elementor-widget-text-editor\" data-id=\"cc16261\" data-element_type=\"widget\" data-widget_type=\"text-editor.default\">\r\n\t\t\t\t<div class=\"elementor-widget-container\">\r\n\t\t\t\t\t\t\t<p><strong>2. Kontynuuj <\/strong><strong>zakupy<\/strong><\/p><p><img decoding=\"async\" class=\"wp-image-1709 aligncenter\" src=\"https:\/\/www.claybyme.com\/wp-content\/uploads\/2021\/04\/shopping.png\" alt=\"shopping\" width=\"114\" height=\"100\" \/><br \/>Je\u015bli chcesz, mo\u017cesz kontynuowa\u0107 zakupy na stronie &#8220;Sklep&#8221; i dodawa\u0107 kolejne produkty do koszyka. Je\u015bli nie to przejd\u017a do nastepnego punktu.<\/p>\t\t\t\t\t\t<\/div>\r\n\t\t\t\t<\/div>\r\n\t\t\t\t<div class=\"elementor-element elementor-element-ab5f3c9 elementor-widget__width-initial elementor-widget elementor-widget-text-editor\" data-id=\"ab5f3c9\" data-element_type=\"widget\" data-widget_type=\"text-editor.default\">\r\n\t\t\t\t<div class=\"elementor-widget-container\">\r\n\t\t\t\t\t\t\t<p><strong>3. Koniec zakup\u00f3w?<\/strong><\/p><p><img decoding=\"async\" class=\"wp-image-1706 aligncenter\" src=\"https:\/\/www.claybyme.com\/wp-content\/uploads\/2021\/04\/cart_full.png\" alt=\"full_cart\" width=\"100\" height=\"100\" srcset=\"https:\/\/www.claybyme.com\/wp-content\/uploads\/2021\/04\/cart_full.png 250w, https:\/\/www.claybyme.com\/wp-content\/uploads\/2021\/04\/cart_full-150x150.png 150w, https:\/\/www.claybyme.com\/wp-content\/uploads\/2021\/04\/cart_full-100x100.png 100w\" sizes=\"(max-width: 100px) 100vw, 100px\" \/><br \/>Je\u015bli w Twoim koszyku s\u0105 ju\u017c wszystkie interesuj\u0105ce Ciebie produkty najed\u017a na &#8220;Koszyk&#8221; w g\u00f3rnym prawym rogu ekranu i kliknij &#8220;Zam\u00f3wienie&#8221;. Jesli jestes na stronie koszyka kliknij &#8220;Przejd\u017a do p\u0142atno\u015bci&#8221;.<\/p>\t\t\t\t\t\t<\/div>\r\n\t\t\t\t<\/div>\r\n\t\t\t\t<div class=\"elementor-element elementor-element-8d1623d elementor-widget__width-initial elementor-widget elementor-widget-text-editor\" data-id=\"8d1623d\" data-element_type=\"widget\" data-widget_type=\"text-editor.default\">\r\n\t\t\t\t<div class=\"elementor-widget-container\">\r\n\t\t\t\t\t\t\t<p><strong>4. Dostawa i p\u0142atno\u015b\u0107<\/strong><\/p><p><img loading=\"lazy\" decoding=\"async\" class=\"wp-image-1707 aligncenter\" src=\"https:\/\/www.claybyme.com\/wp-content\/uploads\/2021\/04\/details.png\" alt=\"fill_form\" width=\"100\" height=\"100\" srcset=\"https:\/\/www.claybyme.com\/wp-content\/uploads\/2021\/04\/details.png 250w, https:\/\/www.claybyme.com\/wp-content\/uploads\/2021\/04\/details-150x150.png 150w, https:\/\/www.claybyme.com\/wp-content\/uploads\/2021\/04\/details-100x100.png 100w\" sizes=\"(max-width: 100px) 100vw, 100px\" \/><br \/>Wype\u0142nij wszystkie pola z gwiazdk\u0105, podaj alternatywny adres dostawy je\u015bli chcesz. Dodaj uwagi do zam\u00f3wienia je\u015bli s\u0105. Przejd\u017a dalej!<\/p><p>\u00a0<\/p>\t\t\t\t\t\t<\/div>\r\n\t\t\t\t<\/div>\r\n\t\t\t\t<div class=\"elementor-element elementor-element-13e2fe6 elementor-widget__width-initial elementor-widget elementor-widget-text-editor\" data-id=\"13e2fe6\" data-element_type=\"widget\" data-widget_type=\"text-editor.default\">\r\n\t\t\t\t<div class=\"elementor-widget-container\">\r\n\t\t\t\t\t\t\t<p><strong>5. Drugi etap koszyka<\/strong><\/p><p><img loading=\"lazy\" decoding=\"async\" class=\"wp-image-1708 aligncenter\" src=\"https:\/\/www.claybyme.com\/wp-content\/uploads\/2021\/04\/payment.png\" alt=\"payment\" width=\"100\" height=\"100\" srcset=\"https:\/\/www.claybyme.com\/wp-content\/uploads\/2021\/04\/payment.png 250w, https:\/\/www.claybyme.com\/wp-content\/uploads\/2021\/04\/payment-150x150.png 150w, https:\/\/www.claybyme.com\/wp-content\/uploads\/2021\/04\/payment-100x100.png 100w\" sizes=\"(max-width: 100px) 100vw, 100px\" \/><br \/>Wybierz spos\u00f3b dostawy. Jesli wybierasz paczkomat &#8211; wybierz, do kt\u00f3rego mamy wys\u0142a\u0107 paczk\u0119. Nast\u0119pnie wybierz metod\u0119 p\u0142atno\u015bci, kliknij &#8220;Kupuj\u0119 i p\u0142ac\u0119&#8221; i zap\u0142a\u0107. W przypadku wysy\u0142ki za pobraniem wybierz r\u00f3wnie\u017c p\u0142atno\u015b\u0107 za pobraniem. Aha! Zak\u0142adamy, \u017ce znasz regulamin wi\u0119c zaznacz t\u0105 opcj\u0119 \ud83d\ude42 przed p\u0142atno\u015bci\u0105.<\/p>\t\t\t\t\t\t<\/div>\r\n\t\t\t\t<\/div>\r\n\t\t\t\t<div class=\"elementor-element elementor-element-4db285a elementor-widget__width-initial elementor-widget elementor-widget-text-editor\" data-id=\"4db285a\" data-element_type=\"widget\" data-widget_type=\"text-editor.default\">\r\n\t\t\t\t<div class=\"elementor-widget-container\">\r\n\t\t\t\t\t\t\t<p><strong>6. Z\u0142o\u017cy\u0142e\u015b zam\u00f3wienie!<\/strong><\/p><p><img loading=\"lazy\" decoding=\"async\" class=\"wp-image-1714 aligncenter\" src=\"https:\/\/www.claybyme.com\/wp-content\/uploads\/2021\/04\/order_complete.png\" alt=\"order-complete\" width=\"115\" height=\"100\" \/><br \/>Gratulacje! Z\u0142o\u017cy\u0142es w\u0142asnie zam\u00f3wienie. Z t\u0105 chwil\u0105 przyst\u0119pujemy do jego realizacji! O kolejnych etapach realizacji zostaniesz poinformowany mailowo! Dzi\u0119kujemy!<\/p>\t\t\t\t\t\t<\/div>\r\n\t\t\t\t<\/div>\r\n\t\t\t\t\t<\/div>\r\n\t\t<\/div>\r\n\t\t\t\t\t<\/div>\r\n\t\t<\/section>\r\n\t\t\t\t<\/div>\r\n\t\t","protected":false},"excerpt":{"rendered":"<p>Jak zamawia\u0107 Nie wiesz jak z\u0142ozy\u0107 zam\u00f3wienie? Poni\u017cej znajdziesz kr\u00f3tki opis co nalezy zrobi\u0107, aby z\u0142ozyc poprawnie zam\u00f3wienie. W razie gdyby\u015b mia\u0142 problemy, nie przejmuj si\u0119 &#8211; po prostu skontaktuj sie z nami, postaramy si\u0119 pom\u00f3c (kliknij tu aby si\u0119 skontaktowa\u0107 z nami). 1. Dodaj produkt do koszyka Dodaj produkt, kt\u00f3ry chcesz kupi\u0107 do koszyka [&hellip;]<\/p>\n","protected":false},"author":1,"featured_media":0,"parent":0,"menu_order":0,"comment_status":"closed","ping_status":"closed","template":"","meta":{"site-sidebar-layout":"no-sidebar","site-content-layout":"page-builder","ast-site-content-layout":"","site-content-style":"default","site-sidebar-style":"default","ast-global-header-display":"","ast-banner-title-visibility":"","ast-main-header-display":"","ast-hfb-above-header-display":"","ast-hfb-below-header-display":"","ast-hfb-mobile-header-display":"","site-post-title":"disabled","ast-breadcrumbs-content":"","ast-featured-img":"disabled","footer-sml-layout":"","theme-transparent-header-meta":"enabled","adv-header-id-meta":"","stick-header-meta":"","header-above-stick-meta":"","header-main-stick-meta":"","header-below-stick-meta":"","astra-migrate-meta-layouts":"default","ast-page-background-enabled":"default","ast-page-background-meta":{"desktop":{"background-color":"","background-image":"","background-repeat":"repeat","background-position":"center center","background-size":"auto","background-attachment":"scroll","background-type":"","background-media":"","overlay-type":"","overlay-color":"","overlay-opacity":"","overlay-gradient":""},"tablet":{"background-color":"","background-image":"","background-repeat":"repeat","background-position":"center center","background-size":"auto","background-attachment":"scroll","background-type":"","background-media":"","overlay-type":"","overlay-color":"","overlay-opacity":"","overlay-gradient":""},"mobile":{"background-color":"","background-image":"","background-repeat":"repeat","background-position":"center center","background-size":"auto","background-attachment":"scroll","background-type":"","background-media":"","overlay-type":"","overlay-color":"","overlay-opacity":"","overlay-gradient":""}},"ast-content-background-meta":{"desktop":{"background-color":"var(--ast-global-color-5)","background-image":"","background-repeat":"repeat","background-position":"center center","background-size":"auto","background-attachment":"scroll","background-type":"","background-media":"","overlay-type":"","overlay-color":"","overlay-opacity":"","overlay-gradient":""},"tablet":{"background-color":"var(--ast-global-color-5)","background-image":"","background-repeat":"repeat","background-position":"center center","background-size":"auto","background-attachment":"scroll","background-type":"","background-media":"","overlay-type":"","overlay-color":"","overlay-opacity":"","overlay-gradient":""},"mobile":{"background-color":"var(--ast-global-color-5)","background-image":"","background-repeat":"repeat","background-position":"center center","background-size":"auto","background-attachment":"scroll","background-type":"","background-media":"","overlay-type":"","overlay-color":"","overlay-opacity":"","overlay-gradient":""}},"footnotes":""},"class_list":["post-1700","page","type-page","status-publish","hentry"],"yoast_head":"<!-- This site is optimized with the Yoast SEO plugin v23.5 - https:\/\/yoast.com\/wordpress\/plugins\/seo\/ -->\n<title>Jak zamawia\u0107 - claybyme<\/title>\n<meta name=\"robots\" content=\"index, follow, max-snippet:-1, max-image-preview:large, max-video-preview:-1\" \/>\n<link rel=\"canonical\" href=\"https:\/\/www.claybyme.com\/index.php\/jak_zamawiac\/\" \/>\n<meta property=\"og:locale\" content=\"pl_PL\" \/>\n<meta property=\"og:type\" content=\"article\" \/>\n<meta property=\"og:title\" content=\"Jak zamawia\u0107 - claybyme\" \/>\n<meta property=\"og:description\" content=\"Jak zamawia\u0107 Nie wiesz jak z\u0142ozy\u0107 zam\u00f3wienie? Poni\u017cej znajdziesz kr\u00f3tki opis co nalezy zrobi\u0107, aby z\u0142ozyc poprawnie zam\u00f3wienie. W razie gdyby\u015b mia\u0142 problemy, nie przejmuj si\u0119 &#8211; po prostu skontaktuj sie z nami, postaramy si\u0119 pom\u00f3c (kliknij tu aby si\u0119 skontaktowa\u0107 z nami). 1. Dodaj produkt do koszyka Dodaj produkt, kt\u00f3ry chcesz kupi\u0107 do koszyka [&hellip;]\" \/>\n<meta property=\"og:url\" content=\"https:\/\/www.claybyme.com\/index.php\/jak_zamawiac\/\" \/>\n<meta property=\"og:site_name\" content=\"claybyme\" \/>\n<meta property=\"article:modified_time\" content=\"2021-05-03T17:01:13+00:00\" \/>\n<meta property=\"og:image\" content=\"https:\/\/www.claybyme.com\/wp-content\/uploads\/2021\/04\/buy-icon-150x150.png\" \/>\n<meta name=\"twitter:card\" content=\"summary_large_image\" \/>\n<meta name=\"twitter:label1\" content=\"Szacowany czas czytania\" \/>\n\t<meta name=\"twitter:data1\" content=\"3 minuty\" \/>\n<script type=\"application\/ld+json\" class=\"yoast-schema-graph\">{\"@context\":\"https:\/\/schema.org\",\"@graph\":[{\"@type\":\"WebPage\",\"@id\":\"https:\/\/www.claybyme.com\/index.php\/jak_zamawiac\/\",\"url\":\"https:\/\/www.claybyme.com\/index.php\/jak_zamawiac\/\",\"name\":\"Jak zamawia\u0107 - claybyme\",\"isPartOf\":{\"@id\":\"https:\/\/www.claybyme.com\/#website\"},\"primaryImageOfPage\":{\"@id\":\"https:\/\/www.claybyme.com\/index.php\/jak_zamawiac\/#primaryimage\"},\"image\":{\"@id\":\"https:\/\/www.claybyme.com\/index.php\/jak_zamawiac\/#primaryimage\"},\"thumbnailUrl\":\"https:\/\/www.claybyme.com\/wp-content\/uploads\/2021\/04\/buy-icon-150x150.png\",\"datePublished\":\"2021-04-27T16:49:25+00:00\",\"dateModified\":\"2021-05-03T17:01:13+00:00\",\"breadcrumb\":{\"@id\":\"https:\/\/www.claybyme.com\/index.php\/jak_zamawiac\/#breadcrumb\"},\"inLanguage\":\"pl-PL\",\"potentialAction\":[{\"@type\":\"ReadAction\",\"target\":[\"https:\/\/www.claybyme.com\/index.php\/jak_zamawiac\/\"]}]},{\"@type\":\"ImageObject\",\"inLanguage\":\"pl-PL\",\"@id\":\"https:\/\/www.claybyme.com\/index.php\/jak_zamawiac\/#primaryimage\",\"url\":\"https:\/\/www.claybyme.com\/wp-content\/uploads\/2021\/04\/buy-icon.png\",\"contentUrl\":\"https:\/\/www.claybyme.com\/wp-content\/uploads\/2021\/04\/buy-icon.png\",\"width\":250,\"height\":250,\"caption\":\"ad_to_cart\"},{\"@type\":\"BreadcrumbList\",\"@id\":\"https:\/\/www.claybyme.com\/index.php\/jak_zamawiac\/#breadcrumb\",\"itemListElement\":[{\"@type\":\"ListItem\",\"position\":1,\"name\":\"Strona g\u0142\u00f3wna\",\"item\":\"https:\/\/www.claybyme.com\/\"},{\"@type\":\"ListItem\",\"position\":2,\"name\":\"Jak zamawia\u0107\"}]},{\"@type\":\"WebSite\",\"@id\":\"https:\/\/www.claybyme.com\/#website\",\"url\":\"https:\/\/www.claybyme.com\/\",\"name\":\"claybyme\",\"description\":\"\",\"publisher\":{\"@id\":\"https:\/\/www.claybyme.com\/#organization\"},\"potentialAction\":[{\"@type\":\"SearchAction\",\"target\":{\"@type\":\"EntryPoint\",\"urlTemplate\":\"https:\/\/www.claybyme.com\/?s={search_term_string}\"},\"query-input\":{\"@type\":\"PropertyValueSpecification\",\"valueRequired\":true,\"valueName\":\"search_term_string\"}}],\"inLanguage\":\"pl-PL\"},{\"@type\":\"Organization\",\"@id\":\"https:\/\/www.claybyme.com\/#organization\",\"name\":\"claybyme\",\"url\":\"https:\/\/www.claybyme.com\/\",\"logo\":{\"@type\":\"ImageObject\",\"inLanguage\":\"pl-PL\",\"@id\":\"https:\/\/www.claybyme.com\/#\/schema\/logo\/image\/\",\"url\":\"https:\/\/www.claybyme.com\/wp-content\/uploads\/2021\/03\/logo_trans.png\",\"contentUrl\":\"https:\/\/www.claybyme.com\/wp-content\/uploads\/2021\/03\/logo_trans.png\",\"width\":877,\"height\":733,\"caption\":\"claybyme\"},\"image\":{\"@id\":\"https:\/\/www.claybyme.com\/#\/schema\/logo\/image\/\"}}]}<\/script>\n<!-- \/ Yoast SEO plugin. -->","yoast_head_json":{"title":"Jak zamawia\u0107 - claybyme","robots":{"index":"index","follow":"follow","max-snippet":"max-snippet:-1","max-image-preview":"max-image-preview:large","max-video-preview":"max-video-preview:-1"},"canonical":"https:\/\/www.claybyme.com\/index.php\/jak_zamawiac\/","og_locale":"pl_PL","og_type":"article","og_title":"Jak zamawia\u0107 - claybyme","og_description":"Jak zamawia\u0107 Nie wiesz jak z\u0142ozy\u0107 zam\u00f3wienie? Poni\u017cej znajdziesz kr\u00f3tki opis co nalezy zrobi\u0107, aby z\u0142ozyc poprawnie zam\u00f3wienie. W razie gdyby\u015b mia\u0142 problemy, nie przejmuj si\u0119 &#8211; po prostu skontaktuj sie z nami, postaramy si\u0119 pom\u00f3c (kliknij tu aby si\u0119 skontaktowa\u0107 z nami). 1. Dodaj produkt do koszyka Dodaj produkt, kt\u00f3ry chcesz kupi\u0107 do koszyka [&hellip;]","og_url":"https:\/\/www.claybyme.com\/index.php\/jak_zamawiac\/","og_site_name":"claybyme","article_modified_time":"2021-05-03T17:01:13+00:00","og_image":[{"url":"https:\/\/www.claybyme.com\/wp-content\/uploads\/2021\/04\/buy-icon-150x150.png"}],"twitter_card":"summary_large_image","twitter_misc":{"Szacowany czas czytania":"3 minuty"},"schema":{"@context":"https:\/\/schema.org","@graph":[{"@type":"WebPage","@id":"https:\/\/www.claybyme.com\/index.php\/jak_zamawiac\/","url":"https:\/\/www.claybyme.com\/index.php\/jak_zamawiac\/","name":"Jak zamawia\u0107 - claybyme","isPartOf":{"@id":"https:\/\/www.claybyme.com\/#website"},"primaryImageOfPage":{"@id":"https:\/\/www.claybyme.com\/index.php\/jak_zamawiac\/#primaryimage"},"image":{"@id":"https:\/\/www.claybyme.com\/index.php\/jak_zamawiac\/#primaryimage"},"thumbnailUrl":"https:\/\/www.claybyme.com\/wp-content\/uploads\/2021\/04\/buy-icon-150x150.png","datePublished":"2021-04-27T16:49:25+00:00","dateModified":"2021-05-03T17:01:13+00:00","breadcrumb":{"@id":"https:\/\/www.claybyme.com\/index.php\/jak_zamawiac\/#breadcrumb"},"inLanguage":"pl-PL","potentialAction":[{"@type":"ReadAction","target":["https:\/\/www.claybyme.com\/index.php\/jak_zamawiac\/"]}]},{"@type":"ImageObject","inLanguage":"pl-PL","@id":"https:\/\/www.claybyme.com\/index.php\/jak_zamawiac\/#primaryimage","url":"https:\/\/www.claybyme.com\/wp-content\/uploads\/2021\/04\/buy-icon.png","contentUrl":"https:\/\/www.claybyme.com\/wp-content\/uploads\/2021\/04\/buy-icon.png","width":250,"height":250,"caption":"ad_to_cart"},{"@type":"BreadcrumbList","@id":"https:\/\/www.claybyme.com\/index.php\/jak_zamawiac\/#breadcrumb","itemListElement":[{"@type":"ListItem","position":1,"name":"Strona g\u0142\u00f3wna","item":"https:\/\/www.claybyme.com\/"},{"@type":"ListItem","position":2,"name":"Jak zamawia\u0107"}]},{"@type":"WebSite","@id":"https:\/\/www.claybyme.com\/#website","url":"https:\/\/www.claybyme.com\/","name":"claybyme","description":"","publisher":{"@id":"https:\/\/www.claybyme.com\/#organization"},"potentialAction":[{"@type":"SearchAction","target":{"@type":"EntryPoint","urlTemplate":"https:\/\/www.claybyme.com\/?s={search_term_string}"},"query-input":{"@type":"PropertyValueSpecification","valueRequired":true,"valueName":"search_term_string"}}],"inLanguage":"pl-PL"},{"@type":"Organization","@id":"https:\/\/www.claybyme.com\/#organization","name":"claybyme","url":"https:\/\/www.claybyme.com\/","logo":{"@type":"ImageObject","inLanguage":"pl-PL","@id":"https:\/\/www.claybyme.com\/#\/schema\/logo\/image\/","url":"https:\/\/www.claybyme.com\/wp-content\/uploads\/2021\/03\/logo_trans.png","contentUrl":"https:\/\/www.claybyme.com\/wp-content\/uploads\/2021\/03\/logo_trans.png","width":877,"height":733,"caption":"claybyme"},"image":{"@id":"https:\/\/www.claybyme.com\/#\/schema\/logo\/image\/"}}]}},"jetpack_sharing_enabled":true,"_links":{"self":[{"href":"https:\/\/www.claybyme.com\/index.php\/wp-json\/wp\/v2\/pages\/1700"}],"collection":[{"href":"https:\/\/www.claybyme.com\/index.php\/wp-json\/wp\/v2\/pages"}],"about":[{"href":"https:\/\/www.claybyme.com\/index.php\/wp-json\/wp\/v2\/types\/page"}],"author":[{"embeddable":true,"href":"https:\/\/www.claybyme.com\/index.php\/wp-json\/wp\/v2\/users\/1"}],"replies":[{"embeddable":true,"href":"https:\/\/www.claybyme.com\/index.php\/wp-json\/wp\/v2\/comments?post=1700"}],"version-history":[{"count":0,"href":"https:\/\/www.claybyme.com\/index.php\/wp-json\/wp\/v2\/pages\/1700\/revisions"}],"wp:attachment":[{"href":"https:\/\/www.claybyme.com\/index.php\/wp-json\/wp\/v2\/media?parent=1700"}],"curies":[{"name":"wp","href":"https:\/\/api.w.org\/{rel}","templated":true}]}}