{"id":2004,"date":"2021-05-03T15:39:58","date_gmt":"2021-05-03T15:39:58","guid":{"rendered":"https:\/\/www.claybyme.com\/?page_id=2004"},"modified":"2021-05-03T16:32:10","modified_gmt":"2021-05-03T16:32:10","slug":"pakowanie_wysylka","status":"publish","type":"page","link":"https:\/\/www.claybyme.com\/index.php\/pakowanie_wysylka\/","title":{"rendered":"Pakowanie i wysy\u0142ka"},"content":{"rendered":"\t\t<div data-elementor-type=\"wp-post\" data-elementor-id=\"2004\" class=\"elementor elementor-2004\">\r\n\t\t\t\t\t\t<section class=\"elementor-section elementor-top-section elementor-element elementor-element-9ff25fa elementor-section-content-middle elementor-section-boxed elementor-section-height-default elementor-section-height-default\" data-id=\"9ff25fa\" data-element_type=\"section\" data-settings=\"{&quot;background_background&quot;:&quot;classic&quot;}\">\r\n\t\t\t\t\t\t\t<div class=\"elementor-background-overlay\"><\/div>\r\n\t\t\t\t\t\t\t<div class=\"elementor-container elementor-column-gap-no\">\r\n\t\t\t\t\t<div class=\"elementor-column elementor-col-100 elementor-top-column elementor-element elementor-element-aa2695b\" data-id=\"aa2695b\" data-element_type=\"column\">\r\n\t\t\t<div class=\"elementor-widget-wrap elementor-element-populated\">\r\n\t\t\t\t\t\t<div class=\"elementor-element elementor-element-5f3f64d elementor-widget elementor-widget-heading\" data-id=\"5f3f64d\" data-element_type=\"widget\" data-widget_type=\"heading.default\">\r\n\t\t\t\t<div class=\"elementor-widget-container\">\r\n\t\t\t<h1 class=\"elementor-heading-title elementor-size-default\">Pakowanie i wysy\u0142ka<\/h1>\t\t<\/div>\r\n\t\t\t\t<\/div>\r\n\t\t\t\t\t<\/div>\r\n\t\t<\/div>\r\n\t\t\t\t\t<\/div>\r\n\t\t<\/section>\r\n\t\t\t\t<section class=\"elementor-section elementor-top-section elementor-element elementor-element-8977841 elementor-section-boxed elementor-section-height-default elementor-section-height-default\" data-id=\"8977841\" data-element_type=\"section\">\r\n\t\t\t\t\t\t<div class=\"elementor-container elementor-column-gap-no\">\r\n\t\t\t\t\t<div class=\"elementor-column elementor-col-100 elementor-top-column elementor-element elementor-element-462fd1a\" data-id=\"462fd1a\" data-element_type=\"column\">\r\n\t\t\t<div class=\"elementor-widget-wrap elementor-element-populated\">\r\n\t\t\t\t\t\t<div class=\"elementor-element elementor-element-145d2cf elementor-widget elementor-widget-text-editor\" data-id=\"145d2cf\" data-element_type=\"widget\" data-widget_type=\"text-editor.default\">\r\n\t\t\t\t<div class=\"elementor-widget-container\">\r\n\t\t\t\t\t\t\t<h4>Przygotowanie zam\u00f3wienia do wysy\u0142ki<\/h4><p>Ka\u017cdemu zale\u017cy, aby jego zam\u00f3wienie zosta\u0142o zrealizowane jak najszybciej. Nam te\u017c. Dok\u0142adamy wszelkich stara\u0144, aby okres od z\u0142o\u017cenia zam\u00f3wienia (i zap\u0142aty, chyba, \u017ce wybrano opcj\u0119 za pobraniem) do wys\u0142ki by\u0142 jak najkr\u00f3tszy.<\/p><p>Przesy\u0142ki pakujemy jak najstaranniej. Zar\u00f3wno bi\u017cuteria jak i ceramika to produkty delikatne wi\u0119c nara\u017cone na zniszczenie podczas transportu, dlatego te\u017c czasami potrzebujemy wi\u0119cej czasu aby tak\u0105 przesy\u0142ke nale\u017cycie zabezpieczy\u0107. W przypadku ma\u0142ych przedmiot\u00f3w czas wysy\u0142ki z regu\u0142y nie przekracza trzech (3) dni roboczych. W przypadku przedmiot\u00f3w du\u017cych, ci\u0119\u017ckich czy o delikatnej budowie czas ten raczej si\u0119 wyd\u0142u\u017cy, nawet do 7 dni roboczych. O nadaniu wysy\u0142ki zawsze informujemy wysy\u0142aj\u0105c powiadomienie mailem.<\/p><p>\u00a0<\/p><h4>Dost\u0119pne opcje wysy\u0142ki<\/h4><p>W naszym sklepie proponujemy w standardzie dwa rodzaje wysy\u0142ek:<\/p><ul><li>Paczkomaty InPost &#8211; opcja z przedp\u0142at\u0105 lub za pobraniem,<\/li><li>Kurier &#8211; opcja z przedp\u0142at\u0105 lub za pobraniem.<\/li><\/ul><p><span style=\"text-decoration: underline;\">Cennik<\/span><\/p><p><strong>Paczkomat InPost: <\/strong><strong>13,50z\u0142 <\/strong>(przedp\u0142ata) <strong>17,50z\u0142<\/strong> (za pobraniem).<\/p><p><strong>Kurier: 16,50z\u0142<\/strong> (przedp\u0142ata)<strong>\u00a020,50z\u0142 <\/strong>(za pobraniem).<\/p><p><strong>Uwaga!<\/strong> Nie ka\u017cdy paczkomat posiada opcj\u0119 p\u0142atno\u015bci za pobraniem. Zanim wybierzesz tak\u0105 opcj\u0119 sprawd\u017a czy paczkomat, kt\u00f3ry chcesz wybra\u0107 jest wyposa\u017cony w terminal p\u0142atno\u015bci. Mo\u017cesz to zrobi\u0107 na stronie InPost: <a href=\"https:\/\/inpost.pl\/znajdz-paczkomat\">kliknij tu i sprawd\u017a<\/a>.<\/p><p>\u00a0<\/p><h4>Wysy\u0142ka za granic\u0119<\/h4><p>Na specjalne \u017cyczenie istnieje mo\u017cliwo\u015b\u0107 wysy\u0142ki przedmiotu za granic\u0119. Prosimy wtedy o kontakt z nami, ustalimy warunki indywidualnie. Czas realizacji takiego zam\u00f3wienia nie wyd\u0142u\u017cy si\u0119, lecz czas dostarczenia przesy\u0142ki zalezny b\u0119dzie od wybranej opcji transportu.<\/p><p>\u00a0<\/p><h4>Odbi\u00f3r osobisty<\/h4><p>Mo\u017cliwy jest odbi\u00f3r osobisty zam\u00f3wienia. Prosz\u0119 miec jednak na uwadze, \u017ce nie jeste\u015bmy zlokalizowani w jednym miejscu. Przedmioty ceramiczne mozna odebra\u0107 w okolicy Bydgoszczy, natomiast bizuteri\u0119 w s\u0105siednim Toruniu.<\/p><p>W przypadku ch\u0119ci odbioru osobistego prosimy o kontakt po z\u0142o\u017ceniu zam\u00f3wienia w celu ustalenia czasu i miejsca jego odbioru.<\/p><p>W przypadku jakichkolwiek pyta\u0144 i watpliwo\u015bci prosimy o kontakt &#8211; <a href=\"https:\/\/www.claybyme.com\/index.php\/kontakt\/\">kliknij tu!<\/a><\/p>\t\t\t\t\t\t<\/div>\r\n\t\t\t\t<\/div>\r\n\t\t\t\t\t<\/div>\r\n\t\t<\/div>\r\n\t\t\t\t\t<\/div>\r\n\t\t<\/section>\r\n\t\t\t\t<\/div>\r\n\t\t","protected":false},"excerpt":{"rendered":"<p>Pakowanie i wysy\u0142ka Przygotowanie zam\u00f3wienia do wysy\u0142ki Ka\u017cdemu zale\u017cy, aby jego zam\u00f3wienie zosta\u0142o zrealizowane jak najszybciej. Nam te\u017c. Dok\u0142adamy wszelkich stara\u0144, aby okres od z\u0142o\u017cenia zam\u00f3wienia (i zap\u0142aty, chyba, \u017ce wybrano opcj\u0119 za pobraniem) do wys\u0142ki by\u0142 jak najkr\u00f3tszy. Przesy\u0142ki pakujemy jak najstaranniej. Zar\u00f3wno bi\u017cuteria jak i ceramika to produkty delikatne wi\u0119c nara\u017cone na zniszczenie [&hellip;]<\/p>\n","protected":false},"author":1,"featured_media":0,"parent":0,"menu_order":0,"comment_status":"closed","ping_status":"closed","template":"","meta":{"site-sidebar-layout":"no-sidebar","site-content-layout":"page-builder","ast-site-content-layout":"","site-content-style":"default","site-sidebar-style":"default","ast-global-header-display":"","ast-banner-title-visibility":"","ast-main-header-display":"","ast-hfb-above-header-display":"","ast-hfb-below-header-display":"","ast-hfb-mobile-header-display":"","site-post-title":"disabled","ast-breadcrumbs-content":"","ast-featured-img":"disabled","footer-sml-layout":"","theme-transparent-header-meta":"enabled","adv-header-id-meta":"","stick-header-meta":"","header-above-stick-meta":"","header-main-stick-meta":"","header-below-stick-meta":"","astra-migrate-meta-layouts":"default","ast-page-background-enabled":"default","ast-page-background-meta":{"desktop":{"background-color":"","background-image":"","background-repeat":"repeat","background-position":"center center","background-size":"auto","background-attachment":"scroll","background-type":"","background-media":"","overlay-type":"","overlay-color":"","overlay-opacity":"","overlay-gradient":""},"tablet":{"background-color":"","background-image":"","background-repeat":"repeat","background-position":"center center","background-size":"auto","background-attachment":"scroll","background-type":"","background-media":"","overlay-type":"","overlay-color":"","overlay-opacity":"","overlay-gradient":""},"mobile":{"background-color":"","background-image":"","background-repeat":"repeat","background-position":"center center","background-size":"auto","background-attachment":"scroll","background-type":"","background-media":"","overlay-type":"","overlay-color":"","overlay-opacity":"","overlay-gradient":""}},"ast-content-background-meta":{"desktop":{"background-color":"var(--ast-global-color-5)","background-image":"","background-repeat":"repeat","background-position":"center center","background-size":"auto","background-attachment":"scroll","background-type":"","background-media":"","overlay-type":"","overlay-color":"","overlay-opacity":"","overlay-gradient":""},"tablet":{"background-color":"var(--ast-global-color-5)","background-image":"","background-repeat":"repeat","background-position":"center center","background-size":"auto","background-attachment":"scroll","background-type":"","background-media":"","overlay-type":"","overlay-color":"","overlay-opacity":"","overlay-gradient":""},"mobile":{"background-color":"var(--ast-global-color-5)","background-image":"","background-repeat":"repeat","background-position":"center center","background-size":"auto","background-attachment":"scroll","background-type":"","background-media":"","overlay-type":"","overlay-color":"","overlay-opacity":"","overlay-gradient":""}},"footnotes":""},"class_list":["post-2004","page","type-page","status-publish","hentry"],"yoast_head":"<!-- This site is optimized with the Yoast SEO plugin v23.5 - https:\/\/yoast.com\/wordpress\/plugins\/seo\/ -->\n<title>Pakowanie i wysy\u0142ka - claybyme<\/title>\n<meta name=\"robots\" content=\"index, follow, max-snippet:-1, max-image-preview:large, max-video-preview:-1\" \/>\n<link rel=\"canonical\" href=\"https:\/\/www.claybyme.com\/index.php\/pakowanie_wysylka\/\" \/>\n<meta property=\"og:locale\" content=\"pl_PL\" \/>\n<meta property=\"og:type\" content=\"article\" \/>\n<meta property=\"og:title\" content=\"Pakowanie i wysy\u0142ka - claybyme\" \/>\n<meta property=\"og:description\" content=\"Pakowanie i wysy\u0142ka Przygotowanie zam\u00f3wienia do wysy\u0142ki Ka\u017cdemu zale\u017cy, aby jego zam\u00f3wienie zosta\u0142o zrealizowane jak najszybciej. Nam te\u017c. Dok\u0142adamy wszelkich stara\u0144, aby okres od z\u0142o\u017cenia zam\u00f3wienia (i zap\u0142aty, chyba, \u017ce wybrano opcj\u0119 za pobraniem) do wys\u0142ki by\u0142 jak najkr\u00f3tszy. Przesy\u0142ki pakujemy jak najstaranniej. Zar\u00f3wno bi\u017cuteria jak i ceramika to produkty delikatne wi\u0119c nara\u017cone na zniszczenie [&hellip;]\" \/>\n<meta property=\"og:url\" content=\"https:\/\/www.claybyme.com\/index.php\/pakowanie_wysylka\/\" \/>\n<meta property=\"og:site_name\" content=\"claybyme\" \/>\n<meta property=\"article:modified_time\" content=\"2021-05-03T16:32:10+00:00\" \/>\n<meta name=\"twitter:card\" content=\"summary_large_image\" \/>\n<meta name=\"twitter:label1\" content=\"Szacowany czas czytania\" \/>\n\t<meta name=\"twitter:data1\" content=\"2 minuty\" \/>\n<script type=\"application\/ld+json\" class=\"yoast-schema-graph\">{\"@context\":\"https:\/\/schema.org\",\"@graph\":[{\"@type\":\"WebPage\",\"@id\":\"https:\/\/www.claybyme.com\/index.php\/pakowanie_wysylka\/\",\"url\":\"https:\/\/www.claybyme.com\/index.php\/pakowanie_wysylka\/\",\"name\":\"Pakowanie i wysy\u0142ka - claybyme\",\"isPartOf\":{\"@id\":\"https:\/\/www.claybyme.com\/#website\"},\"datePublished\":\"2021-05-03T15:39:58+00:00\",\"dateModified\":\"2021-05-03T16:32:10+00:00\",\"breadcrumb\":{\"@id\":\"https:\/\/www.claybyme.com\/index.php\/pakowanie_wysylka\/#breadcrumb\"},\"inLanguage\":\"pl-PL\",\"potentialAction\":[{\"@type\":\"ReadAction\",\"target\":[\"https:\/\/www.claybyme.com\/index.php\/pakowanie_wysylka\/\"]}]},{\"@type\":\"BreadcrumbList\",\"@id\":\"https:\/\/www.claybyme.com\/index.php\/pakowanie_wysylka\/#breadcrumb\",\"itemListElement\":[{\"@type\":\"ListItem\",\"position\":1,\"name\":\"Strona g\u0142\u00f3wna\",\"item\":\"https:\/\/www.claybyme.com\/\"},{\"@type\":\"ListItem\",\"position\":2,\"name\":\"Pakowanie i wysy\u0142ka\"}]},{\"@type\":\"WebSite\",\"@id\":\"https:\/\/www.claybyme.com\/#website\",\"url\":\"https:\/\/www.claybyme.com\/\",\"name\":\"claybyme\",\"description\":\"\",\"publisher\":{\"@id\":\"https:\/\/www.claybyme.com\/#organization\"},\"potentialAction\":[{\"@type\":\"SearchAction\",\"target\":{\"@type\":\"EntryPoint\",\"urlTemplate\":\"https:\/\/www.claybyme.com\/?s={search_term_string}\"},\"query-input\":{\"@type\":\"PropertyValueSpecification\",\"valueRequired\":true,\"valueName\":\"search_term_string\"}}],\"inLanguage\":\"pl-PL\"},{\"@type\":\"Organization\",\"@id\":\"https:\/\/www.claybyme.com\/#organization\",\"name\":\"claybyme\",\"url\":\"https:\/\/www.claybyme.com\/\",\"logo\":{\"@type\":\"ImageObject\",\"inLanguage\":\"pl-PL\",\"@id\":\"https:\/\/www.claybyme.com\/#\/schema\/logo\/image\/\",\"url\":\"https:\/\/www.claybyme.com\/wp-content\/uploads\/2021\/03\/logo_trans.png\",\"contentUrl\":\"https:\/\/www.claybyme.com\/wp-content\/uploads\/2021\/03\/logo_trans.png\",\"width\":877,\"height\":733,\"caption\":\"claybyme\"},\"image\":{\"@id\":\"https:\/\/www.claybyme.com\/#\/schema\/logo\/image\/\"}}]}<\/script>\n<!-- \/ Yoast SEO plugin. -->","yoast_head_json":{"title":"Pakowanie i wysy\u0142ka - claybyme","robots":{"index":"index","follow":"follow","max-snippet":"max-snippet:-1","max-image-preview":"max-image-preview:large","max-video-preview":"max-video-preview:-1"},"canonical":"https:\/\/www.claybyme.com\/index.php\/pakowanie_wysylka\/","og_locale":"pl_PL","og_type":"article","og_title":"Pakowanie i wysy\u0142ka - claybyme","og_description":"Pakowanie i wysy\u0142ka Przygotowanie zam\u00f3wienia do wysy\u0142ki Ka\u017cdemu zale\u017cy, aby jego zam\u00f3wienie zosta\u0142o zrealizowane jak najszybciej. Nam te\u017c. Dok\u0142adamy wszelkich stara\u0144, aby okres od z\u0142o\u017cenia zam\u00f3wienia (i zap\u0142aty, chyba, \u017ce wybrano opcj\u0119 za pobraniem) do wys\u0142ki by\u0142 jak najkr\u00f3tszy. Przesy\u0142ki pakujemy jak najstaranniej. Zar\u00f3wno bi\u017cuteria jak i ceramika to produkty delikatne wi\u0119c nara\u017cone na zniszczenie [&hellip;]","og_url":"https:\/\/www.claybyme.com\/index.php\/pakowanie_wysylka\/","og_site_name":"claybyme","article_modified_time":"2021-05-03T16:32:10+00:00","twitter_card":"summary_large_image","twitter_misc":{"Szacowany czas czytania":"2 minuty"},"schema":{"@context":"https:\/\/schema.org","@graph":[{"@type":"WebPage","@id":"https:\/\/www.claybyme.com\/index.php\/pakowanie_wysylka\/","url":"https:\/\/www.claybyme.com\/index.php\/pakowanie_wysylka\/","name":"Pakowanie i wysy\u0142ka - claybyme","isPartOf":{"@id":"https:\/\/www.claybyme.com\/#website"},"datePublished":"2021-05-03T15:39:58+00:00","dateModified":"2021-05-03T16:32:10+00:00","breadcrumb":{"@id":"https:\/\/www.claybyme.com\/index.php\/pakowanie_wysylka\/#breadcrumb"},"inLanguage":"pl-PL","potentialAction":[{"@type":"ReadAction","target":["https:\/\/www.claybyme.com\/index.php\/pakowanie_wysylka\/"]}]},{"@type":"BreadcrumbList","@id":"https:\/\/www.claybyme.com\/index.php\/pakowanie_wysylka\/#breadcrumb","itemListElement":[{"@type":"ListItem","position":1,"name":"Strona g\u0142\u00f3wna","item":"https:\/\/www.claybyme.com\/"},{"@type":"ListItem","position":2,"name":"Pakowanie i wysy\u0142ka"}]},{"@type":"WebSite","@id":"https:\/\/www.claybyme.com\/#website","url":"https:\/\/www.claybyme.com\/","name":"claybyme","description":"","publisher":{"@id":"https:\/\/www.claybyme.com\/#organization"},"potentialAction":[{"@type":"SearchAction","target":{"@type":"EntryPoint","urlTemplate":"https:\/\/www.claybyme.com\/?s={search_term_string}"},"query-input":{"@type":"PropertyValueSpecification","valueRequired":true,"valueName":"search_term_string"}}],"inLanguage":"pl-PL"},{"@type":"Organization","@id":"https:\/\/www.claybyme.com\/#organization","name":"claybyme","url":"https:\/\/www.claybyme.com\/","logo":{"@type":"ImageObject","inLanguage":"pl-PL","@id":"https:\/\/www.claybyme.com\/#\/schema\/logo\/image\/","url":"https:\/\/www.claybyme.com\/wp-content\/uploads\/2021\/03\/logo_trans.png","contentUrl":"https:\/\/www.claybyme.com\/wp-content\/uploads\/2021\/03\/logo_trans.png","width":877,"height":733,"caption":"claybyme"},"image":{"@id":"https:\/\/www.claybyme.com\/#\/schema\/logo\/image\/"}}]}},"jetpack_sharing_enabled":true,"_links":{"self":[{"href":"https:\/\/www.claybyme.com\/index.php\/wp-json\/wp\/v2\/pages\/2004"}],"collection":[{"href":"https:\/\/www.claybyme.com\/index.php\/wp-json\/wp\/v2\/pages"}],"about":[{"href":"https:\/\/www.claybyme.com\/index.php\/wp-json\/wp\/v2\/types\/page"}],"author":[{"embeddable":true,"href":"https:\/\/www.claybyme.com\/index.php\/wp-json\/wp\/v2\/users\/1"}],"replies":[{"embeddable":true,"href":"https:\/\/www.claybyme.com\/index.php\/wp-json\/wp\/v2\/comments?post=2004"}],"version-history":[{"count":0,"href":"https:\/\/www.claybyme.com\/index.php\/wp-json\/wp\/v2\/pages\/2004\/revisions"}],"wp:attachment":[{"href":"https:\/\/www.claybyme.com\/index.php\/wp-json\/wp\/v2\/media?parent=2004"}],"curies":[{"name":"wp","href":"https:\/\/api.w.org\/{rel}","templated":true}]}}