{"id":2312,"date":"2021-06-12T18:18:51","date_gmt":"2021-06-12T18:18:51","guid":{"rendered":"https:\/\/www.claybyme.com\/?post_type=product&#038;p=2312"},"modified":"2021-06-29T20:41:01","modified_gmt":"2021-06-29T20:41:01","slug":"patera-ceramiczna-misa-na-nozkach-2","status":"publish","type":"product","link":"https:\/\/www.claybyme.com\/index.php\/produkt\/patera-ceramiczna-misa-na-nozkach-2\/","title":{"rendered":"Patera ceramiczna \/ misa na n\u00f3\u017ckach"},"content":{"rendered":"<p>R\u0119cznie robiona patera\/misa ceramiczna na czterech n\u00f3\u017ckach. Idealna do ozdoby wyszukanego wn\u0119trza.<br \/>\nWyr\u00f3b unikatowy, powsta\u0142 tylko w jednym egzemplarzu.<\/p>\n<p>Produkt wykonany z masy ceramicznej, podw\u00f3jnie wypalony, szkliwiony na czarno, ozdobiony motywem kwiatowym.<\/p>\n<p>Misa nie jest przeznaczona do podawania potraw, aczkolwiek mo\u017ce s\u0142u\u017cy\u0107 jako patera do owoc\u00f3w lub s\u0142odyczy. <\/p>\n<p>Nie powinna by\u0107 myta w zmywarce.<\/p>\n<p>Wymiary:<br \/>\n&#8211; szeroko\u015b\u0107: 30cm<br \/>\n&#8211; g\u0142eboko\u015b\u0107: 19cm<br \/>\n&#8211; wysoko\u015b\u0107: 9cm<\/p>\n","protected":false},"excerpt":{"rendered":"<p>R\u0119cznie robiona patera\/misa ceramiczna na czterech n\u00f3\u017ckach ozdobiona motywem kwiatowym. Idealna do ozdoby wyszukanego wn\u0119trza.<br \/>\nWyr\u00f3b unikatowy, powsta\u0142 tylko w jednym egzemplarzu. <\/p>\n","protected":false},"featured_media":2320,"template":"","meta":{"site-sidebar-layout":"default","site-content-layout":"default","ast-site-content-layout":"","site-content-style":"default","site-sidebar-style":"default","ast-global-header-display":"","ast-banner-title-visibility":"","ast-main-header-display":"","ast-hfb-above-header-display":"","ast-hfb-below-header-display":"","ast-hfb-mobile-header-display":"","site-post-title":"","ast-breadcrumbs-content":"","ast-featured-img":"","footer-sml-layout":"","theme-transparent-header-meta":"default","adv-header-id-meta":"","stick-header-meta":"","header-above-stick-meta":"","header-main-stick-meta":"","header-below-stick-meta":"","astra-migrate-meta-layouts":"default","ast-page-background-enabled":"default","ast-page-background-meta":{"desktop":{"background-color":"","background-image":"","background-repeat":"repeat","background-position":"center center","background-size":"auto","background-attachment":"scroll","background-type":"","background-media":"","overlay-type":"","overlay-color":"","overlay-opacity":"","overlay-gradient":""},"tablet":{"background-color":"","background-image":"","background-repeat":"repeat","background-position":"center center","background-size":"auto","background-attachment":"scroll","background-type":"","background-media":"","overlay-type":"","overlay-color":"","overlay-opacity":"","overlay-gradient":""},"mobile":{"background-color":"","background-image":"","background-repeat":"repeat","background-position":"center center","background-size":"auto","background-attachment":"scroll","background-type":"","background-media":"","overlay-type":"","overlay-color":"","overlay-opacity":"","overlay-gradient":""}},"ast-content-background-meta":{"desktop":{"background-color":"var(--ast-global-color-5)","background-image":"","background-repeat":"repeat","background-position":"center center","background-size":"auto","background-attachment":"scroll","background-type":"","background-media":"","overlay-type":"","overlay-color":"","overlay-opacity":"","overlay-gradient":""},"tablet":{"background-color":"var(--ast-global-color-5)","background-image":"","background-repeat":"repeat","background-position":"center center","background-size":"auto","background-attachment":"scroll","background-type":"","background-media":"","overlay-type":"","overlay-color":"","overlay-opacity":"","overlay-gradient":""},"mobile":{"background-color":"var(--ast-global-color-5)","background-image":"","background-repeat":"repeat","background-position":"center center","background-size":"auto","background-attachment":"scroll","background-type":"","background-media":"","overlay-type":"","overlay-color":"","overlay-opacity":"","overlay-gradient":""}}},"product_cat":[45,46,27],"product_tag":[],"class_list":{"0":"post-2312","1":"product","2":"type-product","3":"status-publish","4":"has-post-thumbnail","6":"product_cat-misy","7":"product_cat-patery","8":"product_cat-ulepiok","9":"pa_kolor-czarny","10":"pa_kolor-czerwony","11":"pa_kolor-zielony","12":"desktop-align-left","13":"tablet-align-left","14":"mobile-align-left","16":"first","17":"instock","18":"shipping-taxable","19":"product-type-simple"},"yoast_head":"<!-- This site is optimized with the Yoast SEO plugin v23.5 - https:\/\/yoast.com\/wordpress\/plugins\/seo\/ -->\n<title>Patera ceramiczna \/ misa na n\u00f3\u017ckach - claybyme<\/title>\n<meta name=\"robots\" content=\"index, follow, max-snippet:-1, max-image-preview:large, max-video-preview:-1\" \/>\n<link rel=\"canonical\" href=\"https:\/\/www.claybyme.com\/index.php\/produkt\/patera-ceramiczna-misa-na-nozkach-2\/\" \/>\n<meta property=\"og:locale\" content=\"pl_PL\" \/>\n<meta property=\"og:type\" content=\"article\" \/>\n<meta property=\"og:title\" content=\"Patera ceramiczna \/ misa na n\u00f3\u017ckach - claybyme\" \/>\n<meta property=\"og:description\" content=\"R\u0119cznie robiona patera\/misa ceramiczna na czterech n\u00f3\u017ckach ozdobiona motywem kwiatowym. Idealna do ozdoby wyszukanego wn\u0119trza. Wyr\u00f3b unikatowy, powsta\u0142 tylko w jednym egzemplarzu.\" \/>\n<meta property=\"og:url\" content=\"https:\/\/www.claybyme.com\/index.php\/produkt\/patera-ceramiczna-misa-na-nozkach-2\/\" \/>\n<meta property=\"og:site_name\" content=\"claybyme\" \/>\n<meta property=\"article:modified_time\" content=\"2021-06-29T20:41:01+00:00\" \/>\n<meta property=\"og:image\" content=\"https:\/\/www.claybyme.com\/wp-content\/uploads\/2021\/06\/DSC_2736-scaled.jpg\" \/>\n\t<meta property=\"og:image:width\" content=\"1700\" \/>\n\t<meta property=\"og:image:height\" content=\"2560\" \/>\n\t<meta property=\"og:image:type\" content=\"image\/jpeg\" \/>\n<meta name=\"twitter:card\" content=\"summary_large_image\" \/>\n<script type=\"application\/ld+json\" class=\"yoast-schema-graph\">{\"@context\":\"https:\/\/schema.org\",\"@graph\":[{\"@type\":\"WebPage\",\"@id\":\"https:\/\/www.claybyme.com\/index.php\/produkt\/patera-ceramiczna-misa-na-nozkach-2\/\",\"url\":\"https:\/\/www.claybyme.com\/index.php\/produkt\/patera-ceramiczna-misa-na-nozkach-2\/\",\"name\":\"Patera ceramiczna \/ misa na n\u00f3\u017ckach - claybyme\",\"isPartOf\":{\"@id\":\"https:\/\/www.claybyme.com\/#website\"},\"primaryImageOfPage\":{\"@id\":\"https:\/\/www.claybyme.com\/index.php\/produkt\/patera-ceramiczna-misa-na-nozkach-2\/#primaryimage\"},\"image\":{\"@id\":\"https:\/\/www.claybyme.com\/index.php\/produkt\/patera-ceramiczna-misa-na-nozkach-2\/#primaryimage\"},\"thumbnailUrl\":\"https:\/\/www.claybyme.com\/wp-content\/uploads\/2021\/06\/DSC_2736-scaled.jpg\",\"datePublished\":\"2021-06-12T18:18:51+00:00\",\"dateModified\":\"2021-06-29T20:41:01+00:00\",\"breadcrumb\":{\"@id\":\"https:\/\/www.claybyme.com\/index.php\/produkt\/patera-ceramiczna-misa-na-nozkach-2\/#breadcrumb\"},\"inLanguage\":\"pl-PL\",\"potentialAction\":[{\"@type\":\"ReadAction\",\"target\":[\"https:\/\/www.claybyme.com\/index.php\/produkt\/patera-ceramiczna-misa-na-nozkach-2\/\"]}]},{\"@type\":\"ImageObject\",\"inLanguage\":\"pl-PL\",\"@id\":\"https:\/\/www.claybyme.com\/index.php\/produkt\/patera-ceramiczna-misa-na-nozkach-2\/#primaryimage\",\"url\":\"https:\/\/www.claybyme.com\/wp-content\/uploads\/2021\/06\/DSC_2736-scaled.jpg\",\"contentUrl\":\"https:\/\/www.claybyme.com\/wp-content\/uploads\/2021\/06\/DSC_2736-scaled.jpg\",\"width\":1700,\"height\":2560,\"caption\":\"misa\"},{\"@type\":\"BreadcrumbList\",\"@id\":\"https:\/\/www.claybyme.com\/index.php\/produkt\/patera-ceramiczna-misa-na-nozkach-2\/#breadcrumb\",\"itemListElement\":[{\"@type\":\"ListItem\",\"position\":1,\"name\":\"Strona g\u0142\u00f3wna\",\"item\":\"https:\/\/www.claybyme.com\/\"},{\"@type\":\"ListItem\",\"position\":2,\"name\":\"Sklep\",\"item\":\"https:\/\/www.claybyme.com\/index.php\/sklep\/\"},{\"@type\":\"ListItem\",\"position\":3,\"name\":\"Patera ceramiczna \/ misa na n\u00f3\u017ckach\"}]},{\"@type\":\"WebSite\",\"@id\":\"https:\/\/www.claybyme.com\/#website\",\"url\":\"https:\/\/www.claybyme.com\/\",\"name\":\"claybyme\",\"description\":\"\",\"publisher\":{\"@id\":\"https:\/\/www.claybyme.com\/#organization\"},\"potentialAction\":[{\"@type\":\"SearchAction\",\"target\":{\"@type\":\"EntryPoint\",\"urlTemplate\":\"https:\/\/www.claybyme.com\/?s={search_term_string}\"},\"query-input\":{\"@type\":\"PropertyValueSpecification\",\"valueRequired\":true,\"valueName\":\"search_term_string\"}}],\"inLanguage\":\"pl-PL\"},{\"@type\":\"Organization\",\"@id\":\"https:\/\/www.claybyme.com\/#organization\",\"name\":\"claybyme\",\"url\":\"https:\/\/www.claybyme.com\/\",\"logo\":{\"@type\":\"ImageObject\",\"inLanguage\":\"pl-PL\",\"@id\":\"https:\/\/www.claybyme.com\/#\/schema\/logo\/image\/\",\"url\":\"https:\/\/www.claybyme.com\/wp-content\/uploads\/2021\/03\/logo_trans.png\",\"contentUrl\":\"https:\/\/www.claybyme.com\/wp-content\/uploads\/2021\/03\/logo_trans.png\",\"width\":877,\"height\":733,\"caption\":\"claybyme\"},\"image\":{\"@id\":\"https:\/\/www.claybyme.com\/#\/schema\/logo\/image\/\"}}]}<\/script>\n<!-- \/ Yoast SEO plugin. -->","yoast_head_json":{"title":"Patera ceramiczna \/ misa na n\u00f3\u017ckach - claybyme","robots":{"index":"index","follow":"follow","max-snippet":"max-snippet:-1","max-image-preview":"max-image-preview:large","max-video-preview":"max-video-preview:-1"},"canonical":"https:\/\/www.claybyme.com\/index.php\/produkt\/patera-ceramiczna-misa-na-nozkach-2\/","og_locale":"pl_PL","og_type":"article","og_title":"Patera ceramiczna \/ misa na n\u00f3\u017ckach - claybyme","og_description":"R\u0119cznie robiona patera\/misa ceramiczna na czterech n\u00f3\u017ckach ozdobiona motywem kwiatowym. Idealna do ozdoby wyszukanego wn\u0119trza. Wyr\u00f3b unikatowy, powsta\u0142 tylko w jednym egzemplarzu.","og_url":"https:\/\/www.claybyme.com\/index.php\/produkt\/patera-ceramiczna-misa-na-nozkach-2\/","og_site_name":"claybyme","article_modified_time":"2021-06-29T20:41:01+00:00","og_image":[{"width":1700,"height":2560,"url":"https:\/\/www.claybyme.com\/wp-content\/uploads\/2021\/06\/DSC_2736-scaled.jpg","type":"image\/jpeg"}],"twitter_card":"summary_large_image","schema":{"@context":"https:\/\/schema.org","@graph":[{"@type":"WebPage","@id":"https:\/\/www.claybyme.com\/index.php\/produkt\/patera-ceramiczna-misa-na-nozkach-2\/","url":"https:\/\/www.claybyme.com\/index.php\/produkt\/patera-ceramiczna-misa-na-nozkach-2\/","name":"Patera ceramiczna \/ misa na n\u00f3\u017ckach - claybyme","isPartOf":{"@id":"https:\/\/www.claybyme.com\/#website"},"primaryImageOfPage":{"@id":"https:\/\/www.claybyme.com\/index.php\/produkt\/patera-ceramiczna-misa-na-nozkach-2\/#primaryimage"},"image":{"@id":"https:\/\/www.claybyme.com\/index.php\/produkt\/patera-ceramiczna-misa-na-nozkach-2\/#primaryimage"},"thumbnailUrl":"https:\/\/www.claybyme.com\/wp-content\/uploads\/2021\/06\/DSC_2736-scaled.jpg","datePublished":"2021-06-12T18:18:51+00:00","dateModified":"2021-06-29T20:41:01+00:00","breadcrumb":{"@id":"https:\/\/www.claybyme.com\/index.php\/produkt\/patera-ceramiczna-misa-na-nozkach-2\/#breadcrumb"},"inLanguage":"pl-PL","potentialAction":[{"@type":"ReadAction","target":["https:\/\/www.claybyme.com\/index.php\/produkt\/patera-ceramiczna-misa-na-nozkach-2\/"]}]},{"@type":"ImageObject","inLanguage":"pl-PL","@id":"https:\/\/www.claybyme.com\/index.php\/produkt\/patera-ceramiczna-misa-na-nozkach-2\/#primaryimage","url":"https:\/\/www.claybyme.com\/wp-content\/uploads\/2021\/06\/DSC_2736-scaled.jpg","contentUrl":"https:\/\/www.claybyme.com\/wp-content\/uploads\/2021\/06\/DSC_2736-scaled.jpg","width":1700,"height":2560,"caption":"misa"},{"@type":"BreadcrumbList","@id":"https:\/\/www.claybyme.com\/index.php\/produkt\/patera-ceramiczna-misa-na-nozkach-2\/#breadcrumb","itemListElement":[{"@type":"ListItem","position":1,"name":"Strona g\u0142\u00f3wna","item":"https:\/\/www.claybyme.com\/"},{"@type":"ListItem","position":2,"name":"Sklep","item":"https:\/\/www.claybyme.com\/index.php\/sklep\/"},{"@type":"ListItem","position":3,"name":"Patera ceramiczna \/ misa na n\u00f3\u017ckach"}]},{"@type":"WebSite","@id":"https:\/\/www.claybyme.com\/#website","url":"https:\/\/www.claybyme.com\/","name":"claybyme","description":"","publisher":{"@id":"https:\/\/www.claybyme.com\/#organization"},"potentialAction":[{"@type":"SearchAction","target":{"@type":"EntryPoint","urlTemplate":"https:\/\/www.claybyme.com\/?s={search_term_string}"},"query-input":{"@type":"PropertyValueSpecification","valueRequired":true,"valueName":"search_term_string"}}],"inLanguage":"pl-PL"},{"@type":"Organization","@id":"https:\/\/www.claybyme.com\/#organization","name":"claybyme","url":"https:\/\/www.claybyme.com\/","logo":{"@type":"ImageObject","inLanguage":"pl-PL","@id":"https:\/\/www.claybyme.com\/#\/schema\/logo\/image\/","url":"https:\/\/www.claybyme.com\/wp-content\/uploads\/2021\/03\/logo_trans.png","contentUrl":"https:\/\/www.claybyme.com\/wp-content\/uploads\/2021\/03\/logo_trans.png","width":877,"height":733,"caption":"claybyme"},"image":{"@id":"https:\/\/www.claybyme.com\/#\/schema\/logo\/image\/"}}]}},"jetpack_sharing_enabled":true,"_links":{"self":[{"href":"https:\/\/www.claybyme.com\/index.php\/wp-json\/wp\/v2\/product\/2312"}],"collection":[{"href":"https:\/\/www.claybyme.com\/index.php\/wp-json\/wp\/v2\/product"}],"about":[{"href":"https:\/\/www.claybyme.com\/index.php\/wp-json\/wp\/v2\/types\/product"}],"wp:featuredmedia":[{"embeddable":true,"href":"https:\/\/www.claybyme.com\/index.php\/wp-json\/wp\/v2\/media\/2320"}],"wp:attachment":[{"href":"https:\/\/www.claybyme.com\/index.php\/wp-json\/wp\/v2\/media?parent=2312"}],"wp:term":[{"taxonomy":"product_cat","embeddable":true,"href":"https:\/\/www.claybyme.com\/index.php\/wp-json\/wp\/v2\/product_cat?post=2312"},{"taxonomy":"product_tag","embeddable":true,"href":"https:\/\/www.claybyme.com\/index.php\/wp-json\/wp\/v2\/product_tag?post=2312"}],"curies":[{"name":"wp","href":"https:\/\/api.w.org\/{rel}","templated":true}]}}