{"id":2562,"date":"2021-10-28T19:09:18","date_gmt":"2021-10-28T19:09:18","guid":{"rendered":"https:\/\/www.claybyme.com\/?post_type=product&#038;p=2562"},"modified":"2021-11-14T20:11:27","modified_gmt":"2021-11-14T20:11:27","slug":"naszyjnik-z-zawieszka-turkusowa-kropla","status":"publish","type":"product","link":"https:\/\/www.claybyme.com\/index.php\/produkt\/naszyjnik-z-zawieszka-turkusowa-kropla\/","title":{"rendered":"Naszyjnik z zawieszk\u0105 &#8220;Turkusowa kropla&#8221;"},"content":{"rendered":"<p>Naszyjnik z zawieszk\u0105 &#8220;Turkusowa kropla&#8221;.<\/p>\n<p>Autorska oprawa kamienia szlachetnego w modnej wersji splotu r\u0119cznie tkanego z male\u0144kich szklanych korali technik\u0105 beadingu.<br \/>\nKaboszon zoisytu z inkluzjami rubinu otrzyma\u0142 adekwatn\u0105 kolorystycznie, skromn\u0105 i elegancka opraw\u0119 ze szklanych korali o najmniejszym rozmiarze i pojedynczej linii pere\u0142ek.<br \/>\nWisior zaprojektowany z dba\u0142o\u015bci\u0105 o szczeg\u00f3\u0142y, jest ozdobny obustronnie.<\/p>\n<p>Materia\u0142y:<\/p>\n<ul>\n<li>zoisyt z rubinem,<\/li>\n<li>japo\u0144skie szklane koraliki typu TOHO,<\/li>\n<li>syntetyczna \u017cy\u0142ka.<\/li>\n<\/ul>\n<p>Wymiary:<\/p>\n<ul>\n<li>d\u0142ugo\u015b\u0107 naszyjnika: 56cm,<\/li>\n<li>wysoko\u015b\u0107 wisiora: 4-4,5cm.<\/li>\n<\/ul>\n","protected":false},"excerpt":{"rendered":"<p>Autorska oprawa kamienia szlachetnego w modnej wersji splotu r\u0119cznie tkanego z male\u0144kich szklanych korali technik\u0105 beadingu.<br \/>\nKaboszon zoisytu z inkluzjami rubinu otrzyma\u0142 adekwatn\u0105 kolorystycznie, skromn\u0105 i elegancka opraw\u0119 ze szklanych korali o najmniejszym rozmiarze i pojedynczej linii pere\u0142ek.<\/p>\n","protected":false},"featured_media":2569,"template":"","meta":{"site-sidebar-layout":"default","site-content-layout":"default","ast-site-content-layout":"","site-content-style":"default","site-sidebar-style":"default","ast-global-header-display":"","ast-banner-title-visibility":"","ast-main-header-display":"","ast-hfb-above-header-display":"","ast-hfb-below-header-display":"","ast-hfb-mobile-header-display":"","site-post-title":"","ast-breadcrumbs-content":"","ast-featured-img":"","footer-sml-layout":"","theme-transparent-header-meta":"default","adv-header-id-meta":"","stick-header-meta":"","header-above-stick-meta":"","header-main-stick-meta":"","header-below-stick-meta":"","astra-migrate-meta-layouts":"default","ast-page-background-enabled":"default","ast-page-background-meta":{"desktop":{"background-color":"","background-image":"","background-repeat":"repeat","background-position":"center center","background-size":"auto","background-attachment":"scroll","background-type":"","background-media":"","overlay-type":"","overlay-color":"","overlay-opacity":"","overlay-gradient":""},"tablet":{"background-color":"","background-image":"","background-repeat":"repeat","background-position":"center center","background-size":"auto","background-attachment":"scroll","background-type":"","background-media":"","overlay-type":"","overlay-color":"","overlay-opacity":"","overlay-gradient":""},"mobile":{"background-color":"","background-image":"","background-repeat":"repeat","background-position":"center center","background-size":"auto","background-attachment":"scroll","background-type":"","background-media":"","overlay-type":"","overlay-color":"","overlay-opacity":"","overlay-gradient":""}},"ast-content-background-meta":{"desktop":{"background-color":"var(--ast-global-color-5)","background-image":"","background-repeat":"repeat","background-position":"center center","background-size":"auto","background-attachment":"scroll","background-type":"","background-media":"","overlay-type":"","overlay-color":"","overlay-opacity":"","overlay-gradient":""},"tablet":{"background-color":"var(--ast-global-color-5)","background-image":"","background-repeat":"repeat","background-position":"center center","background-size":"auto","background-attachment":"scroll","background-type":"","background-media":"","overlay-type":"","overlay-color":"","overlay-opacity":"","overlay-gradient":""},"mobile":{"background-color":"var(--ast-global-color-5)","background-image":"","background-repeat":"repeat","background-position":"center center","background-size":"auto","background-attachment":"scroll","background-type":"","background-media":"","overlay-type":"","overlay-color":"","overlay-opacity":"","overlay-gradient":""}}},"product_cat":[24,39],"product_tag":[],"class_list":{"0":"post-2562","1":"product","2":"type-product","3":"status-publish","4":"has-post-thumbnail","6":"product_cat-iglabeads","7":"product_cat-naszyjniki","8":"pa_kolor-niebieski","9":"pa_kolor-rozowy","10":"pa_kolor-zielony","11":"desktop-align-left","12":"tablet-align-left","13":"mobile-align-left","15":"first","16":"instock","17":"featured","18":"shipping-taxable","19":"product-type-simple"},"yoast_head":"<!-- This site is optimized with the Yoast SEO plugin v23.5 - https:\/\/yoast.com\/wordpress\/plugins\/seo\/ -->\n<title>Naszyjnik z zawieszk\u0105 &quot;Turkusowa kropla&quot; - claybyme<\/title>\n<meta name=\"robots\" content=\"index, follow, max-snippet:-1, max-image-preview:large, max-video-preview:-1\" \/>\n<link rel=\"canonical\" href=\"https:\/\/www.claybyme.com\/index.php\/produkt\/naszyjnik-z-zawieszka-turkusowa-kropla\/\" \/>\n<meta property=\"og:locale\" content=\"pl_PL\" \/>\n<meta property=\"og:type\" content=\"article\" \/>\n<meta property=\"og:title\" content=\"Naszyjnik z zawieszk\u0105 &quot;Turkusowa kropla&quot; - claybyme\" \/>\n<meta property=\"og:description\" content=\"Autorska oprawa kamienia szlachetnego w modnej wersji splotu r\u0119cznie tkanego z male\u0144kich szklanych korali technik\u0105 beadingu. Kaboszon zoisytu z inkluzjami rubinu otrzyma\u0142 adekwatn\u0105 kolorystycznie, skromn\u0105 i elegancka opraw\u0119 ze szklanych korali o najmniejszym rozmiarze i pojedynczej linii pere\u0142ek.\" \/>\n<meta property=\"og:url\" content=\"https:\/\/www.claybyme.com\/index.php\/produkt\/naszyjnik-z-zawieszka-turkusowa-kropla\/\" \/>\n<meta property=\"og:site_name\" content=\"claybyme\" \/>\n<meta property=\"article:modified_time\" content=\"2021-11-14T20:11:27+00:00\" \/>\n<meta property=\"og:image\" content=\"https:\/\/www.claybyme.com\/wp-content\/uploads\/2021\/10\/DSC_3445-scaled.jpg\" \/>\n\t<meta property=\"og:image:width\" content=\"1700\" \/>\n\t<meta property=\"og:image:height\" content=\"2560\" \/>\n\t<meta property=\"og:image:type\" content=\"image\/jpeg\" \/>\n<meta name=\"twitter:card\" content=\"summary_large_image\" \/>\n<meta name=\"twitter:label1\" content=\"Szacowany czas czytania\" \/>\n\t<meta name=\"twitter:data1\" content=\"1 minuta\" \/>\n<script type=\"application\/ld+json\" class=\"yoast-schema-graph\">{\"@context\":\"https:\/\/schema.org\",\"@graph\":[{\"@type\":\"WebPage\",\"@id\":\"https:\/\/www.claybyme.com\/index.php\/produkt\/naszyjnik-z-zawieszka-turkusowa-kropla\/\",\"url\":\"https:\/\/www.claybyme.com\/index.php\/produkt\/naszyjnik-z-zawieszka-turkusowa-kropla\/\",\"name\":\"Naszyjnik z zawieszk\u0105 \\\"Turkusowa kropla\\\" - claybyme\",\"isPartOf\":{\"@id\":\"https:\/\/www.claybyme.com\/#website\"},\"primaryImageOfPage\":{\"@id\":\"https:\/\/www.claybyme.com\/index.php\/produkt\/naszyjnik-z-zawieszka-turkusowa-kropla\/#primaryimage\"},\"image\":{\"@id\":\"https:\/\/www.claybyme.com\/index.php\/produkt\/naszyjnik-z-zawieszka-turkusowa-kropla\/#primaryimage\"},\"thumbnailUrl\":\"https:\/\/www.claybyme.com\/wp-content\/uploads\/2021\/10\/DSC_3445-scaled.jpg\",\"datePublished\":\"2021-10-28T19:09:18+00:00\",\"dateModified\":\"2021-11-14T20:11:27+00:00\",\"breadcrumb\":{\"@id\":\"https:\/\/www.claybyme.com\/index.php\/produkt\/naszyjnik-z-zawieszka-turkusowa-kropla\/#breadcrumb\"},\"inLanguage\":\"pl-PL\",\"potentialAction\":[{\"@type\":\"ReadAction\",\"target\":[\"https:\/\/www.claybyme.com\/index.php\/produkt\/naszyjnik-z-zawieszka-turkusowa-kropla\/\"]}]},{\"@type\":\"ImageObject\",\"inLanguage\":\"pl-PL\",\"@id\":\"https:\/\/www.claybyme.com\/index.php\/produkt\/naszyjnik-z-zawieszka-turkusowa-kropla\/#primaryimage\",\"url\":\"https:\/\/www.claybyme.com\/wp-content\/uploads\/2021\/10\/DSC_3445-scaled.jpg\",\"contentUrl\":\"https:\/\/www.claybyme.com\/wp-content\/uploads\/2021\/10\/DSC_3445-scaled.jpg\",\"width\":1700,\"height\":2560,\"caption\":\"Naszyjnik z kaboszonem\"},{\"@type\":\"BreadcrumbList\",\"@id\":\"https:\/\/www.claybyme.com\/index.php\/produkt\/naszyjnik-z-zawieszka-turkusowa-kropla\/#breadcrumb\",\"itemListElement\":[{\"@type\":\"ListItem\",\"position\":1,\"name\":\"Strona g\u0142\u00f3wna\",\"item\":\"https:\/\/www.claybyme.com\/\"},{\"@type\":\"ListItem\",\"position\":2,\"name\":\"Sklep\",\"item\":\"https:\/\/www.claybyme.com\/index.php\/sklep\/\"},{\"@type\":\"ListItem\",\"position\":3,\"name\":\"Naszyjnik z zawieszk\u0105 &#8220;Turkusowa kropla&#8221;\"}]},{\"@type\":\"WebSite\",\"@id\":\"https:\/\/www.claybyme.com\/#website\",\"url\":\"https:\/\/www.claybyme.com\/\",\"name\":\"claybyme\",\"description\":\"\",\"publisher\":{\"@id\":\"https:\/\/www.claybyme.com\/#organization\"},\"potentialAction\":[{\"@type\":\"SearchAction\",\"target\":{\"@type\":\"EntryPoint\",\"urlTemplate\":\"https:\/\/www.claybyme.com\/?s={search_term_string}\"},\"query-input\":{\"@type\":\"PropertyValueSpecification\",\"valueRequired\":true,\"valueName\":\"search_term_string\"}}],\"inLanguage\":\"pl-PL\"},{\"@type\":\"Organization\",\"@id\":\"https:\/\/www.claybyme.com\/#organization\",\"name\":\"claybyme\",\"url\":\"https:\/\/www.claybyme.com\/\",\"logo\":{\"@type\":\"ImageObject\",\"inLanguage\":\"pl-PL\",\"@id\":\"https:\/\/www.claybyme.com\/#\/schema\/logo\/image\/\",\"url\":\"https:\/\/www.claybyme.com\/wp-content\/uploads\/2021\/03\/logo_trans.png\",\"contentUrl\":\"https:\/\/www.claybyme.com\/wp-content\/uploads\/2021\/03\/logo_trans.png\",\"width\":877,\"height\":733,\"caption\":\"claybyme\"},\"image\":{\"@id\":\"https:\/\/www.claybyme.com\/#\/schema\/logo\/image\/\"}}]}<\/script>\n<!-- \/ Yoast SEO plugin. -->","yoast_head_json":{"title":"Naszyjnik z zawieszk\u0105 \"Turkusowa kropla\" - claybyme","robots":{"index":"index","follow":"follow","max-snippet":"max-snippet:-1","max-image-preview":"max-image-preview:large","max-video-preview":"max-video-preview:-1"},"canonical":"https:\/\/www.claybyme.com\/index.php\/produkt\/naszyjnik-z-zawieszka-turkusowa-kropla\/","og_locale":"pl_PL","og_type":"article","og_title":"Naszyjnik z zawieszk\u0105 \"Turkusowa kropla\" - claybyme","og_description":"Autorska oprawa kamienia szlachetnego w modnej wersji splotu r\u0119cznie tkanego z male\u0144kich szklanych korali technik\u0105 beadingu. Kaboszon zoisytu z inkluzjami rubinu otrzyma\u0142 adekwatn\u0105 kolorystycznie, skromn\u0105 i elegancka opraw\u0119 ze szklanych korali o najmniejszym rozmiarze i pojedynczej linii pere\u0142ek.","og_url":"https:\/\/www.claybyme.com\/index.php\/produkt\/naszyjnik-z-zawieszka-turkusowa-kropla\/","og_site_name":"claybyme","article_modified_time":"2021-11-14T20:11:27+00:00","og_image":[{"width":1700,"height":2560,"url":"https:\/\/www.claybyme.com\/wp-content\/uploads\/2021\/10\/DSC_3445-scaled.jpg","type":"image\/jpeg"}],"twitter_card":"summary_large_image","twitter_misc":{"Szacowany czas czytania":"1 minuta"},"schema":{"@context":"https:\/\/schema.org","@graph":[{"@type":"WebPage","@id":"https:\/\/www.claybyme.com\/index.php\/produkt\/naszyjnik-z-zawieszka-turkusowa-kropla\/","url":"https:\/\/www.claybyme.com\/index.php\/produkt\/naszyjnik-z-zawieszka-turkusowa-kropla\/","name":"Naszyjnik z zawieszk\u0105 \"Turkusowa kropla\" - claybyme","isPartOf":{"@id":"https:\/\/www.claybyme.com\/#website"},"primaryImageOfPage":{"@id":"https:\/\/www.claybyme.com\/index.php\/produkt\/naszyjnik-z-zawieszka-turkusowa-kropla\/#primaryimage"},"image":{"@id":"https:\/\/www.claybyme.com\/index.php\/produkt\/naszyjnik-z-zawieszka-turkusowa-kropla\/#primaryimage"},"thumbnailUrl":"https:\/\/www.claybyme.com\/wp-content\/uploads\/2021\/10\/DSC_3445-scaled.jpg","datePublished":"2021-10-28T19:09:18+00:00","dateModified":"2021-11-14T20:11:27+00:00","breadcrumb":{"@id":"https:\/\/www.claybyme.com\/index.php\/produkt\/naszyjnik-z-zawieszka-turkusowa-kropla\/#breadcrumb"},"inLanguage":"pl-PL","potentialAction":[{"@type":"ReadAction","target":["https:\/\/www.claybyme.com\/index.php\/produkt\/naszyjnik-z-zawieszka-turkusowa-kropla\/"]}]},{"@type":"ImageObject","inLanguage":"pl-PL","@id":"https:\/\/www.claybyme.com\/index.php\/produkt\/naszyjnik-z-zawieszka-turkusowa-kropla\/#primaryimage","url":"https:\/\/www.claybyme.com\/wp-content\/uploads\/2021\/10\/DSC_3445-scaled.jpg","contentUrl":"https:\/\/www.claybyme.com\/wp-content\/uploads\/2021\/10\/DSC_3445-scaled.jpg","width":1700,"height":2560,"caption":"Naszyjnik z kaboszonem"},{"@type":"BreadcrumbList","@id":"https:\/\/www.claybyme.com\/index.php\/produkt\/naszyjnik-z-zawieszka-turkusowa-kropla\/#breadcrumb","itemListElement":[{"@type":"ListItem","position":1,"name":"Strona g\u0142\u00f3wna","item":"https:\/\/www.claybyme.com\/"},{"@type":"ListItem","position":2,"name":"Sklep","item":"https:\/\/www.claybyme.com\/index.php\/sklep\/"},{"@type":"ListItem","position":3,"name":"Naszyjnik z zawieszk\u0105 &#8220;Turkusowa kropla&#8221;"}]},{"@type":"WebSite","@id":"https:\/\/www.claybyme.com\/#website","url":"https:\/\/www.claybyme.com\/","name":"claybyme","description":"","publisher":{"@id":"https:\/\/www.claybyme.com\/#organization"},"potentialAction":[{"@type":"SearchAction","target":{"@type":"EntryPoint","urlTemplate":"https:\/\/www.claybyme.com\/?s={search_term_string}"},"query-input":{"@type":"PropertyValueSpecification","valueRequired":true,"valueName":"search_term_string"}}],"inLanguage":"pl-PL"},{"@type":"Organization","@id":"https:\/\/www.claybyme.com\/#organization","name":"claybyme","url":"https:\/\/www.claybyme.com\/","logo":{"@type":"ImageObject","inLanguage":"pl-PL","@id":"https:\/\/www.claybyme.com\/#\/schema\/logo\/image\/","url":"https:\/\/www.claybyme.com\/wp-content\/uploads\/2021\/03\/logo_trans.png","contentUrl":"https:\/\/www.claybyme.com\/wp-content\/uploads\/2021\/03\/logo_trans.png","width":877,"height":733,"caption":"claybyme"},"image":{"@id":"https:\/\/www.claybyme.com\/#\/schema\/logo\/image\/"}}]}},"jetpack_sharing_enabled":true,"_links":{"self":[{"href":"https:\/\/www.claybyme.com\/index.php\/wp-json\/wp\/v2\/product\/2562"}],"collection":[{"href":"https:\/\/www.claybyme.com\/index.php\/wp-json\/wp\/v2\/product"}],"about":[{"href":"https:\/\/www.claybyme.com\/index.php\/wp-json\/wp\/v2\/types\/product"}],"wp:featuredmedia":[{"embeddable":true,"href":"https:\/\/www.claybyme.com\/index.php\/wp-json\/wp\/v2\/media\/2569"}],"wp:attachment":[{"href":"https:\/\/www.claybyme.com\/index.php\/wp-json\/wp\/v2\/media?parent=2562"}],"wp:term":[{"taxonomy":"product_cat","embeddable":true,"href":"https:\/\/www.claybyme.com\/index.php\/wp-json\/wp\/v2\/product_cat?post=2562"},{"taxonomy":"product_tag","embeddable":true,"href":"https:\/\/www.claybyme.com\/index.php\/wp-json\/wp\/v2\/product_tag?post=2562"}],"curies":[{"name":"wp","href":"https:\/\/api.w.org\/{rel}","templated":true}]}}