{"id":2579,"date":"2021-10-29T15:42:37","date_gmt":"2021-10-29T15:42:37","guid":{"rendered":"https:\/\/www.claybyme.com\/?post_type=product&#038;p=2579"},"modified":"2021-11-14T20:11:16","modified_gmt":"2021-11-14T20:11:16","slug":"bransoletka-czerwona-elzbieta","status":"publish","type":"product","link":"https:\/\/www.claybyme.com\/index.php\/produkt\/bransoletka-czerwona-elzbieta\/","title":{"rendered":"Bransoletka &#8220;Czerwona El\u017cbieta&#8221;"},"content":{"rendered":"<p>Bransoletka \u201eCzerwona El\u017cbieta&#8221;<br \/>\nBransoletka tkana technik\u0105 beadingu.<\/p>\n<p>Zwarta, g\u0119sto tkana bransoletka. Zainspirowana malarstwem portretowym epoki Renesansu.<br \/>\nRodzaj splotu i kolorystyka to wz\u00f3r w\u0142asny. Z\u0142oto drobnych szklanych korali podkre\u015bla ci\u0119\u017car pere\u0142 na\u015bladuj\u0105c jednocze\u015bnie opraw\u0119 z metalu. Pokrewie\u0144stwa wzornictwa mo\u017cna szuka\u0107 w licznych portretach Kr\u00f3lowej El\u017cbiety II.<\/p>\n<p>Materia\u0142y:<\/p>\n<ul>\n<li>czeskie i japo\u0144skie szklane koraliki,<\/li>\n<li>koraliki typu TOHO,<\/li>\n<li>sztuczne per\u0142y \u2013 czerwie\u0144,<\/li>\n<li>syntetyczna \u017cy\u0142ka.<\/li>\n<\/ul>\n<p>Wymiary:<\/p>\n<ul>\n<li>d\u0142ugo\u015b\u0107: 19cm,<\/li>\n<li>szeroko\u015b\u0107: 2-2,5cm.<\/li>\n<\/ul>\n","protected":false},"excerpt":{"rendered":"<p>Zwarta, g\u0119sto tkana bransoletka. Zainspirowana malarstwem portretowym epoki Renesansu.<br \/>\nRodzaj splotu i kolorystyka to wz\u00f3r w\u0142asny. Z\u0142oto drobnych szklanych korali podkre\u015bla ci\u0119\u017car pere\u0142 na\u015bladuj\u0105c jednocze\u015bnie opraw\u0119 z metalu.<\/p>\n","protected":false},"featured_media":2586,"template":"","meta":{"site-sidebar-layout":"default","site-content-layout":"default","ast-site-content-layout":"","site-content-style":"default","site-sidebar-style":"default","ast-global-header-display":"","ast-banner-title-visibility":"","ast-main-header-display":"","ast-hfb-above-header-display":"","ast-hfb-below-header-display":"","ast-hfb-mobile-header-display":"","site-post-title":"","ast-breadcrumbs-content":"","ast-featured-img":"","footer-sml-layout":"","theme-transparent-header-meta":"default","adv-header-id-meta":"","stick-header-meta":"","header-above-stick-meta":"","header-main-stick-meta":"","header-below-stick-meta":"","astra-migrate-meta-layouts":"default","ast-page-background-enabled":"default","ast-page-background-meta":{"desktop":{"background-color":"","background-image":"","background-repeat":"repeat","background-position":"center center","background-size":"auto","background-attachment":"scroll","background-type":"","background-media":"","overlay-type":"","overlay-color":"","overlay-opacity":"","overlay-gradient":""},"tablet":{"background-color":"","background-image":"","background-repeat":"repeat","background-position":"center center","background-size":"auto","background-attachment":"scroll","background-type":"","background-media":"","overlay-type":"","overlay-color":"","overlay-opacity":"","overlay-gradient":""},"mobile":{"background-color":"","background-image":"","background-repeat":"repeat","background-position":"center center","background-size":"auto","background-attachment":"scroll","background-type":"","background-media":"","overlay-type":"","overlay-color":"","overlay-opacity":"","overlay-gradient":""}},"ast-content-background-meta":{"desktop":{"background-color":"var(--ast-global-color-5)","background-image":"","background-repeat":"repeat","background-position":"center center","background-size":"auto","background-attachment":"scroll","background-type":"","background-media":"","overlay-type":"","overlay-color":"","overlay-opacity":"","overlay-gradient":""},"tablet":{"background-color":"var(--ast-global-color-5)","background-image":"","background-repeat":"repeat","background-position":"center center","background-size":"auto","background-attachment":"scroll","background-type":"","background-media":"","overlay-type":"","overlay-color":"","overlay-opacity":"","overlay-gradient":""},"mobile":{"background-color":"var(--ast-global-color-5)","background-image":"","background-repeat":"repeat","background-position":"center center","background-size":"auto","background-attachment":"scroll","background-type":"","background-media":"","overlay-type":"","overlay-color":"","overlay-opacity":"","overlay-gradient":""}}},"product_cat":[37,24],"product_tag":[],"class_list":{"0":"post-2579","1":"product","2":"type-product","3":"status-publish","4":"has-post-thumbnail","6":"product_cat-bransoletki","7":"product_cat-iglabeads","8":"pa_kolor-bordowy","9":"pa_kolor-zloty","10":"desktop-align-left","11":"tablet-align-left","12":"mobile-align-left","14":"first","15":"instock","16":"featured","17":"shipping-taxable","18":"product-type-simple"},"yoast_head":"<!-- This site is optimized with the Yoast SEO plugin v23.5 - https:\/\/yoast.com\/wordpress\/plugins\/seo\/ -->\n<title>Bransoletka &quot;Czerwona El\u017cbieta&quot; - claybyme<\/title>\n<meta name=\"robots\" content=\"index, follow, max-snippet:-1, max-image-preview:large, max-video-preview:-1\" \/>\n<link rel=\"canonical\" href=\"https:\/\/www.claybyme.com\/index.php\/produkt\/bransoletka-czerwona-elzbieta\/\" \/>\n<meta property=\"og:locale\" content=\"pl_PL\" \/>\n<meta property=\"og:type\" content=\"article\" \/>\n<meta property=\"og:title\" content=\"Bransoletka &quot;Czerwona El\u017cbieta&quot; - claybyme\" \/>\n<meta property=\"og:description\" content=\"Zwarta, g\u0119sto tkana bransoletka. Zainspirowana malarstwem portretowym epoki Renesansu. Rodzaj splotu i kolorystyka to wz\u00f3r w\u0142asny. Z\u0142oto drobnych szklanych korali podkre\u015bla ci\u0119\u017car pere\u0142 na\u015bladuj\u0105c jednocze\u015bnie opraw\u0119 z metalu.\" \/>\n<meta property=\"og:url\" content=\"https:\/\/www.claybyme.com\/index.php\/produkt\/bransoletka-czerwona-elzbieta\/\" \/>\n<meta property=\"og:site_name\" content=\"claybyme\" \/>\n<meta property=\"article:modified_time\" content=\"2021-11-14T20:11:16+00:00\" \/>\n<meta property=\"og:image\" content=\"https:\/\/www.claybyme.com\/wp-content\/uploads\/2021\/10\/DSC_3936-scaled.jpg\" \/>\n\t<meta property=\"og:image:width\" content=\"1700\" \/>\n\t<meta property=\"og:image:height\" content=\"2560\" \/>\n\t<meta property=\"og:image:type\" content=\"image\/jpeg\" \/>\n<meta name=\"twitter:card\" content=\"summary_large_image\" \/>\n<meta name=\"twitter:label1\" content=\"Szacowany czas czytania\" \/>\n\t<meta name=\"twitter:data1\" content=\"1 minuta\" \/>\n<script type=\"application\/ld+json\" class=\"yoast-schema-graph\">{\"@context\":\"https:\/\/schema.org\",\"@graph\":[{\"@type\":\"WebPage\",\"@id\":\"https:\/\/www.claybyme.com\/index.php\/produkt\/bransoletka-czerwona-elzbieta\/\",\"url\":\"https:\/\/www.claybyme.com\/index.php\/produkt\/bransoletka-czerwona-elzbieta\/\",\"name\":\"Bransoletka \\\"Czerwona El\u017cbieta\\\" - claybyme\",\"isPartOf\":{\"@id\":\"https:\/\/www.claybyme.com\/#website\"},\"primaryImageOfPage\":{\"@id\":\"https:\/\/www.claybyme.com\/index.php\/produkt\/bransoletka-czerwona-elzbieta\/#primaryimage\"},\"image\":{\"@id\":\"https:\/\/www.claybyme.com\/index.php\/produkt\/bransoletka-czerwona-elzbieta\/#primaryimage\"},\"thumbnailUrl\":\"https:\/\/www.claybyme.com\/wp-content\/uploads\/2021\/10\/DSC_3936-scaled.jpg\",\"datePublished\":\"2021-10-29T15:42:37+00:00\",\"dateModified\":\"2021-11-14T20:11:16+00:00\",\"breadcrumb\":{\"@id\":\"https:\/\/www.claybyme.com\/index.php\/produkt\/bransoletka-czerwona-elzbieta\/#breadcrumb\"},\"inLanguage\":\"pl-PL\",\"potentialAction\":[{\"@type\":\"ReadAction\",\"target\":[\"https:\/\/www.claybyme.com\/index.php\/produkt\/bransoletka-czerwona-elzbieta\/\"]}]},{\"@type\":\"ImageObject\",\"inLanguage\":\"pl-PL\",\"@id\":\"https:\/\/www.claybyme.com\/index.php\/produkt\/bransoletka-czerwona-elzbieta\/#primaryimage\",\"url\":\"https:\/\/www.claybyme.com\/wp-content\/uploads\/2021\/10\/DSC_3936-scaled.jpg\",\"contentUrl\":\"https:\/\/www.claybyme.com\/wp-content\/uploads\/2021\/10\/DSC_3936-scaled.jpg\",\"width\":1700,\"height\":2560,\"caption\":\"Czerwona bransoletka\"},{\"@type\":\"BreadcrumbList\",\"@id\":\"https:\/\/www.claybyme.com\/index.php\/produkt\/bransoletka-czerwona-elzbieta\/#breadcrumb\",\"itemListElement\":[{\"@type\":\"ListItem\",\"position\":1,\"name\":\"Strona g\u0142\u00f3wna\",\"item\":\"https:\/\/www.claybyme.com\/\"},{\"@type\":\"ListItem\",\"position\":2,\"name\":\"Sklep\",\"item\":\"https:\/\/www.claybyme.com\/index.php\/sklep\/\"},{\"@type\":\"ListItem\",\"position\":3,\"name\":\"Bransoletka &#8220;Czerwona El\u017cbieta&#8221;\"}]},{\"@type\":\"WebSite\",\"@id\":\"https:\/\/www.claybyme.com\/#website\",\"url\":\"https:\/\/www.claybyme.com\/\",\"name\":\"claybyme\",\"description\":\"\",\"publisher\":{\"@id\":\"https:\/\/www.claybyme.com\/#organization\"},\"potentialAction\":[{\"@type\":\"SearchAction\",\"target\":{\"@type\":\"EntryPoint\",\"urlTemplate\":\"https:\/\/www.claybyme.com\/?s={search_term_string}\"},\"query-input\":{\"@type\":\"PropertyValueSpecification\",\"valueRequired\":true,\"valueName\":\"search_term_string\"}}],\"inLanguage\":\"pl-PL\"},{\"@type\":\"Organization\",\"@id\":\"https:\/\/www.claybyme.com\/#organization\",\"name\":\"claybyme\",\"url\":\"https:\/\/www.claybyme.com\/\",\"logo\":{\"@type\":\"ImageObject\",\"inLanguage\":\"pl-PL\",\"@id\":\"https:\/\/www.claybyme.com\/#\/schema\/logo\/image\/\",\"url\":\"https:\/\/www.claybyme.com\/wp-content\/uploads\/2021\/03\/logo_trans.png\",\"contentUrl\":\"https:\/\/www.claybyme.com\/wp-content\/uploads\/2021\/03\/logo_trans.png\",\"width\":877,\"height\":733,\"caption\":\"claybyme\"},\"image\":{\"@id\":\"https:\/\/www.claybyme.com\/#\/schema\/logo\/image\/\"}}]}<\/script>\n<!-- \/ Yoast SEO plugin. -->","yoast_head_json":{"title":"Bransoletka \"Czerwona El\u017cbieta\" - claybyme","robots":{"index":"index","follow":"follow","max-snippet":"max-snippet:-1","max-image-preview":"max-image-preview:large","max-video-preview":"max-video-preview:-1"},"canonical":"https:\/\/www.claybyme.com\/index.php\/produkt\/bransoletka-czerwona-elzbieta\/","og_locale":"pl_PL","og_type":"article","og_title":"Bransoletka \"Czerwona El\u017cbieta\" - claybyme","og_description":"Zwarta, g\u0119sto tkana bransoletka. Zainspirowana malarstwem portretowym epoki Renesansu. Rodzaj splotu i kolorystyka to wz\u00f3r w\u0142asny. Z\u0142oto drobnych szklanych korali podkre\u015bla ci\u0119\u017car pere\u0142 na\u015bladuj\u0105c jednocze\u015bnie opraw\u0119 z metalu.","og_url":"https:\/\/www.claybyme.com\/index.php\/produkt\/bransoletka-czerwona-elzbieta\/","og_site_name":"claybyme","article_modified_time":"2021-11-14T20:11:16+00:00","og_image":[{"width":1700,"height":2560,"url":"https:\/\/www.claybyme.com\/wp-content\/uploads\/2021\/10\/DSC_3936-scaled.jpg","type":"image\/jpeg"}],"twitter_card":"summary_large_image","twitter_misc":{"Szacowany czas czytania":"1 minuta"},"schema":{"@context":"https:\/\/schema.org","@graph":[{"@type":"WebPage","@id":"https:\/\/www.claybyme.com\/index.php\/produkt\/bransoletka-czerwona-elzbieta\/","url":"https:\/\/www.claybyme.com\/index.php\/produkt\/bransoletka-czerwona-elzbieta\/","name":"Bransoletka \"Czerwona El\u017cbieta\" - claybyme","isPartOf":{"@id":"https:\/\/www.claybyme.com\/#website"},"primaryImageOfPage":{"@id":"https:\/\/www.claybyme.com\/index.php\/produkt\/bransoletka-czerwona-elzbieta\/#primaryimage"},"image":{"@id":"https:\/\/www.claybyme.com\/index.php\/produkt\/bransoletka-czerwona-elzbieta\/#primaryimage"},"thumbnailUrl":"https:\/\/www.claybyme.com\/wp-content\/uploads\/2021\/10\/DSC_3936-scaled.jpg","datePublished":"2021-10-29T15:42:37+00:00","dateModified":"2021-11-14T20:11:16+00:00","breadcrumb":{"@id":"https:\/\/www.claybyme.com\/index.php\/produkt\/bransoletka-czerwona-elzbieta\/#breadcrumb"},"inLanguage":"pl-PL","potentialAction":[{"@type":"ReadAction","target":["https:\/\/www.claybyme.com\/index.php\/produkt\/bransoletka-czerwona-elzbieta\/"]}]},{"@type":"ImageObject","inLanguage":"pl-PL","@id":"https:\/\/www.claybyme.com\/index.php\/produkt\/bransoletka-czerwona-elzbieta\/#primaryimage","url":"https:\/\/www.claybyme.com\/wp-content\/uploads\/2021\/10\/DSC_3936-scaled.jpg","contentUrl":"https:\/\/www.claybyme.com\/wp-content\/uploads\/2021\/10\/DSC_3936-scaled.jpg","width":1700,"height":2560,"caption":"Czerwona bransoletka"},{"@type":"BreadcrumbList","@id":"https:\/\/www.claybyme.com\/index.php\/produkt\/bransoletka-czerwona-elzbieta\/#breadcrumb","itemListElement":[{"@type":"ListItem","position":1,"name":"Strona g\u0142\u00f3wna","item":"https:\/\/www.claybyme.com\/"},{"@type":"ListItem","position":2,"name":"Sklep","item":"https:\/\/www.claybyme.com\/index.php\/sklep\/"},{"@type":"ListItem","position":3,"name":"Bransoletka &#8220;Czerwona El\u017cbieta&#8221;"}]},{"@type":"WebSite","@id":"https:\/\/www.claybyme.com\/#website","url":"https:\/\/www.claybyme.com\/","name":"claybyme","description":"","publisher":{"@id":"https:\/\/www.claybyme.com\/#organization"},"potentialAction":[{"@type":"SearchAction","target":{"@type":"EntryPoint","urlTemplate":"https:\/\/www.claybyme.com\/?s={search_term_string}"},"query-input":{"@type":"PropertyValueSpecification","valueRequired":true,"valueName":"search_term_string"}}],"inLanguage":"pl-PL"},{"@type":"Organization","@id":"https:\/\/www.claybyme.com\/#organization","name":"claybyme","url":"https:\/\/www.claybyme.com\/","logo":{"@type":"ImageObject","inLanguage":"pl-PL","@id":"https:\/\/www.claybyme.com\/#\/schema\/logo\/image\/","url":"https:\/\/www.claybyme.com\/wp-content\/uploads\/2021\/03\/logo_trans.png","contentUrl":"https:\/\/www.claybyme.com\/wp-content\/uploads\/2021\/03\/logo_trans.png","width":877,"height":733,"caption":"claybyme"},"image":{"@id":"https:\/\/www.claybyme.com\/#\/schema\/logo\/image\/"}}]}},"jetpack_sharing_enabled":true,"_links":{"self":[{"href":"https:\/\/www.claybyme.com\/index.php\/wp-json\/wp\/v2\/product\/2579"}],"collection":[{"href":"https:\/\/www.claybyme.com\/index.php\/wp-json\/wp\/v2\/product"}],"about":[{"href":"https:\/\/www.claybyme.com\/index.php\/wp-json\/wp\/v2\/types\/product"}],"wp:featuredmedia":[{"embeddable":true,"href":"https:\/\/www.claybyme.com\/index.php\/wp-json\/wp\/v2\/media\/2586"}],"wp:attachment":[{"href":"https:\/\/www.claybyme.com\/index.php\/wp-json\/wp\/v2\/media?parent=2579"}],"wp:term":[{"taxonomy":"product_cat","embeddable":true,"href":"https:\/\/www.claybyme.com\/index.php\/wp-json\/wp\/v2\/product_cat?post=2579"},{"taxonomy":"product_tag","embeddable":true,"href":"https:\/\/www.claybyme.com\/index.php\/wp-json\/wp\/v2\/product_tag?post=2579"}],"curies":[{"name":"wp","href":"https:\/\/api.w.org\/{rel}","templated":true}]}}