{"id":2605,"date":"2021-10-29T17:20:42","date_gmt":"2021-10-29T17:20:42","guid":{"rendered":"https:\/\/www.claybyme.com\/?post_type=product&#038;p=2605"},"modified":"2021-10-29T17:20:42","modified_gmt":"2021-10-29T17:20:42","slug":"zawieszka-z-agatem","status":"publish","type":"product","link":"https:\/\/www.claybyme.com\/index.php\/produkt\/zawieszka-z-agatem\/","title":{"rendered":"Zawieszka z agatem"},"content":{"rendered":"<p>Zawieszka z agatem.<br \/>\nAgat w oprawie tkanej, wykonanej technik\u0105 beadingu.<\/p>\n<p>Unikatowa oprawa kamienia szlachetnego wykonana w modnej wersji splotu r\u0119cznie tkanego z male\u0144kich szklanych korali okre\u015blana jako technika beadingu.<br \/>\nZawieszka jest nawi\u0105zaniem do klasycznych, mosi\u0119\u017cnych opraw XIX-wiecznej bi\u017cuterii. Utrzymana w stylu kamei lub zabytkowych mosi\u0119\u017cnych broszy &#8211; inspirowana stylem historycznym.<br \/>\nTa zawiesza posiada malutkie oczko, zaprojektowane pod \u0142a\u0144cuszek lub delikatny rzemie\u0144. Wisior jest zdobiony obustronnie.<\/p>\n<p>Materia\u0142y:<\/p>\n<ul>\n<li>kaboszon &#8211; agat miodowy,<\/li>\n<li>japo\u0144skie szklane koraliki typu TOHO,<\/li>\n<li>syntetyczna \u017cy\u0142ka.<\/li>\n<\/ul>\n<p>Wymiary:<\/p>\n<ul>\n<li>wysoko\u015b\u0107: 4cm,<\/li>\n<li>szeroko\u015b\u0107: 3cm.<\/li>\n<\/ul>\n","protected":false},"excerpt":{"rendered":"<p>Agat w oprawie tkanej, wykonanej technik\u0105 beadingu.<\/p>\n<p>Unikatowa oprawa kamienia szlachetnego wykonana w modnej wersji splotu r\u0119cznie tkanego z male\u0144kich szklanych korali okre\u015blana jako technika beadingu.<\/p>\n","protected":false},"featured_media":2609,"template":"","meta":{"site-sidebar-layout":"default","site-content-layout":"default","ast-site-content-layout":"","site-content-style":"default","site-sidebar-style":"default","ast-global-header-display":"","ast-banner-title-visibility":"","ast-main-header-display":"","ast-hfb-above-header-display":"","ast-hfb-below-header-display":"","ast-hfb-mobile-header-display":"","site-post-title":"","ast-breadcrumbs-content":"","ast-featured-img":"","footer-sml-layout":"","theme-transparent-header-meta":"default","adv-header-id-meta":"","stick-header-meta":"","header-above-stick-meta":"","header-main-stick-meta":"","header-below-stick-meta":"","astra-migrate-meta-layouts":"default","ast-page-background-enabled":"default","ast-page-background-meta":{"desktop":{"background-color":"","background-image":"","background-repeat":"repeat","background-position":"center center","background-size":"auto","background-attachment":"scroll","background-type":"","background-media":"","overlay-type":"","overlay-color":"","overlay-opacity":"","overlay-gradient":""},"tablet":{"background-color":"","background-image":"","background-repeat":"repeat","background-position":"center center","background-size":"auto","background-attachment":"scroll","background-type":"","background-media":"","overlay-type":"","overlay-color":"","overlay-opacity":"","overlay-gradient":""},"mobile":{"background-color":"","background-image":"","background-repeat":"repeat","background-position":"center center","background-size":"auto","background-attachment":"scroll","background-type":"","background-media":"","overlay-type":"","overlay-color":"","overlay-opacity":"","overlay-gradient":""}},"ast-content-background-meta":{"desktop":{"background-color":"var(--ast-global-color-5)","background-image":"","background-repeat":"repeat","background-position":"center center","background-size":"auto","background-attachment":"scroll","background-type":"","background-media":"","overlay-type":"","overlay-color":"","overlay-opacity":"","overlay-gradient":""},"tablet":{"background-color":"var(--ast-global-color-5)","background-image":"","background-repeat":"repeat","background-position":"center center","background-size":"auto","background-attachment":"scroll","background-type":"","background-media":"","overlay-type":"","overlay-color":"","overlay-opacity":"","overlay-gradient":""},"mobile":{"background-color":"var(--ast-global-color-5)","background-image":"","background-repeat":"repeat","background-position":"center center","background-size":"auto","background-attachment":"scroll","background-type":"","background-media":"","overlay-type":"","overlay-color":"","overlay-opacity":"","overlay-gradient":""}}},"product_cat":[24,56],"product_tag":[],"class_list":{"0":"post-2605","1":"product","2":"type-product","3":"status-publish","4":"has-post-thumbnail","6":"product_cat-iglabeads","7":"product_cat-zawieszka","8":"pa_kolor-pomaranczowy","9":"pa_kolor-zloty","10":"pa_kolor-zolty","11":"desktop-align-left","12":"tablet-align-left","13":"mobile-align-left","15":"first","16":"instock","17":"shipping-taxable","18":"product-type-simple"},"yoast_head":"<!-- This site is optimized with the Yoast SEO plugin v23.5 - https:\/\/yoast.com\/wordpress\/plugins\/seo\/ -->\n<title>Zawieszka z agatem - claybyme<\/title>\n<meta name=\"robots\" content=\"index, follow, max-snippet:-1, max-image-preview:large, max-video-preview:-1\" \/>\n<link rel=\"canonical\" href=\"https:\/\/www.claybyme.com\/index.php\/produkt\/zawieszka-z-agatem\/\" \/>\n<meta property=\"og:locale\" content=\"pl_PL\" \/>\n<meta property=\"og:type\" content=\"article\" \/>\n<meta property=\"og:title\" content=\"Zawieszka z agatem - claybyme\" \/>\n<meta property=\"og:description\" content=\"Agat w oprawie tkanej, wykonanej technik\u0105 beadingu.  Unikatowa oprawa kamienia szlachetnego wykonana w modnej wersji splotu r\u0119cznie tkanego z male\u0144kich szklanych korali okre\u015blana jako technika beadingu.\" \/>\n<meta property=\"og:url\" content=\"https:\/\/www.claybyme.com\/index.php\/produkt\/zawieszka-z-agatem\/\" \/>\n<meta property=\"og:site_name\" content=\"claybyme\" \/>\n<meta property=\"og:image\" content=\"https:\/\/www.claybyme.com\/wp-content\/uploads\/2021\/10\/DSC_3954-scaled.jpg\" \/>\n\t<meta property=\"og:image:width\" content=\"1700\" \/>\n\t<meta property=\"og:image:height\" content=\"2560\" \/>\n\t<meta property=\"og:image:type\" content=\"image\/jpeg\" \/>\n<meta name=\"twitter:card\" content=\"summary_large_image\" \/>\n<script type=\"application\/ld+json\" class=\"yoast-schema-graph\">{\"@context\":\"https:\/\/schema.org\",\"@graph\":[{\"@type\":\"WebPage\",\"@id\":\"https:\/\/www.claybyme.com\/index.php\/produkt\/zawieszka-z-agatem\/\",\"url\":\"https:\/\/www.claybyme.com\/index.php\/produkt\/zawieszka-z-agatem\/\",\"name\":\"Zawieszka z agatem - claybyme\",\"isPartOf\":{\"@id\":\"https:\/\/www.claybyme.com\/#website\"},\"primaryImageOfPage\":{\"@id\":\"https:\/\/www.claybyme.com\/index.php\/produkt\/zawieszka-z-agatem\/#primaryimage\"},\"image\":{\"@id\":\"https:\/\/www.claybyme.com\/index.php\/produkt\/zawieszka-z-agatem\/#primaryimage\"},\"thumbnailUrl\":\"https:\/\/www.claybyme.com\/wp-content\/uploads\/2021\/10\/DSC_3954-scaled.jpg\",\"datePublished\":\"2021-10-29T17:20:42+00:00\",\"dateModified\":\"2021-10-29T17:20:42+00:00\",\"breadcrumb\":{\"@id\":\"https:\/\/www.claybyme.com\/index.php\/produkt\/zawieszka-z-agatem\/#breadcrumb\"},\"inLanguage\":\"pl-PL\",\"potentialAction\":[{\"@type\":\"ReadAction\",\"target\":[\"https:\/\/www.claybyme.com\/index.php\/produkt\/zawieszka-z-agatem\/\"]}]},{\"@type\":\"ImageObject\",\"inLanguage\":\"pl-PL\",\"@id\":\"https:\/\/www.claybyme.com\/index.php\/produkt\/zawieszka-z-agatem\/#primaryimage\",\"url\":\"https:\/\/www.claybyme.com\/wp-content\/uploads\/2021\/10\/DSC_3954-scaled.jpg\",\"contentUrl\":\"https:\/\/www.claybyme.com\/wp-content\/uploads\/2021\/10\/DSC_3954-scaled.jpg\",\"width\":1700,\"height\":2560,\"caption\":\"Zawieszka Agat\"},{\"@type\":\"BreadcrumbList\",\"@id\":\"https:\/\/www.claybyme.com\/index.php\/produkt\/zawieszka-z-agatem\/#breadcrumb\",\"itemListElement\":[{\"@type\":\"ListItem\",\"position\":1,\"name\":\"Strona g\u0142\u00f3wna\",\"item\":\"https:\/\/www.claybyme.com\/\"},{\"@type\":\"ListItem\",\"position\":2,\"name\":\"Sklep\",\"item\":\"https:\/\/www.claybyme.com\/index.php\/sklep\/\"},{\"@type\":\"ListItem\",\"position\":3,\"name\":\"Zawieszka z agatem\"}]},{\"@type\":\"WebSite\",\"@id\":\"https:\/\/www.claybyme.com\/#website\",\"url\":\"https:\/\/www.claybyme.com\/\",\"name\":\"claybyme\",\"description\":\"\",\"publisher\":{\"@id\":\"https:\/\/www.claybyme.com\/#organization\"},\"potentialAction\":[{\"@type\":\"SearchAction\",\"target\":{\"@type\":\"EntryPoint\",\"urlTemplate\":\"https:\/\/www.claybyme.com\/?s={search_term_string}\"},\"query-input\":{\"@type\":\"PropertyValueSpecification\",\"valueRequired\":true,\"valueName\":\"search_term_string\"}}],\"inLanguage\":\"pl-PL\"},{\"@type\":\"Organization\",\"@id\":\"https:\/\/www.claybyme.com\/#organization\",\"name\":\"claybyme\",\"url\":\"https:\/\/www.claybyme.com\/\",\"logo\":{\"@type\":\"ImageObject\",\"inLanguage\":\"pl-PL\",\"@id\":\"https:\/\/www.claybyme.com\/#\/schema\/logo\/image\/\",\"url\":\"https:\/\/www.claybyme.com\/wp-content\/uploads\/2021\/03\/logo_trans.png\",\"contentUrl\":\"https:\/\/www.claybyme.com\/wp-content\/uploads\/2021\/03\/logo_trans.png\",\"width\":877,\"height\":733,\"caption\":\"claybyme\"},\"image\":{\"@id\":\"https:\/\/www.claybyme.com\/#\/schema\/logo\/image\/\"}}]}<\/script>\n<!-- \/ Yoast SEO plugin. -->","yoast_head_json":{"title":"Zawieszka z agatem - claybyme","robots":{"index":"index","follow":"follow","max-snippet":"max-snippet:-1","max-image-preview":"max-image-preview:large","max-video-preview":"max-video-preview:-1"},"canonical":"https:\/\/www.claybyme.com\/index.php\/produkt\/zawieszka-z-agatem\/","og_locale":"pl_PL","og_type":"article","og_title":"Zawieszka z agatem - claybyme","og_description":"Agat w oprawie tkanej, wykonanej technik\u0105 beadingu.  Unikatowa oprawa kamienia szlachetnego wykonana w modnej wersji splotu r\u0119cznie tkanego z male\u0144kich szklanych korali okre\u015blana jako technika beadingu.","og_url":"https:\/\/www.claybyme.com\/index.php\/produkt\/zawieszka-z-agatem\/","og_site_name":"claybyme","og_image":[{"width":1700,"height":2560,"url":"https:\/\/www.claybyme.com\/wp-content\/uploads\/2021\/10\/DSC_3954-scaled.jpg","type":"image\/jpeg"}],"twitter_card":"summary_large_image","schema":{"@context":"https:\/\/schema.org","@graph":[{"@type":"WebPage","@id":"https:\/\/www.claybyme.com\/index.php\/produkt\/zawieszka-z-agatem\/","url":"https:\/\/www.claybyme.com\/index.php\/produkt\/zawieszka-z-agatem\/","name":"Zawieszka z agatem - claybyme","isPartOf":{"@id":"https:\/\/www.claybyme.com\/#website"},"primaryImageOfPage":{"@id":"https:\/\/www.claybyme.com\/index.php\/produkt\/zawieszka-z-agatem\/#primaryimage"},"image":{"@id":"https:\/\/www.claybyme.com\/index.php\/produkt\/zawieszka-z-agatem\/#primaryimage"},"thumbnailUrl":"https:\/\/www.claybyme.com\/wp-content\/uploads\/2021\/10\/DSC_3954-scaled.jpg","datePublished":"2021-10-29T17:20:42+00:00","dateModified":"2021-10-29T17:20:42+00:00","breadcrumb":{"@id":"https:\/\/www.claybyme.com\/index.php\/produkt\/zawieszka-z-agatem\/#breadcrumb"},"inLanguage":"pl-PL","potentialAction":[{"@type":"ReadAction","target":["https:\/\/www.claybyme.com\/index.php\/produkt\/zawieszka-z-agatem\/"]}]},{"@type":"ImageObject","inLanguage":"pl-PL","@id":"https:\/\/www.claybyme.com\/index.php\/produkt\/zawieszka-z-agatem\/#primaryimage","url":"https:\/\/www.claybyme.com\/wp-content\/uploads\/2021\/10\/DSC_3954-scaled.jpg","contentUrl":"https:\/\/www.claybyme.com\/wp-content\/uploads\/2021\/10\/DSC_3954-scaled.jpg","width":1700,"height":2560,"caption":"Zawieszka Agat"},{"@type":"BreadcrumbList","@id":"https:\/\/www.claybyme.com\/index.php\/produkt\/zawieszka-z-agatem\/#breadcrumb","itemListElement":[{"@type":"ListItem","position":1,"name":"Strona g\u0142\u00f3wna","item":"https:\/\/www.claybyme.com\/"},{"@type":"ListItem","position":2,"name":"Sklep","item":"https:\/\/www.claybyme.com\/index.php\/sklep\/"},{"@type":"ListItem","position":3,"name":"Zawieszka z agatem"}]},{"@type":"WebSite","@id":"https:\/\/www.claybyme.com\/#website","url":"https:\/\/www.claybyme.com\/","name":"claybyme","description":"","publisher":{"@id":"https:\/\/www.claybyme.com\/#organization"},"potentialAction":[{"@type":"SearchAction","target":{"@type":"EntryPoint","urlTemplate":"https:\/\/www.claybyme.com\/?s={search_term_string}"},"query-input":{"@type":"PropertyValueSpecification","valueRequired":true,"valueName":"search_term_string"}}],"inLanguage":"pl-PL"},{"@type":"Organization","@id":"https:\/\/www.claybyme.com\/#organization","name":"claybyme","url":"https:\/\/www.claybyme.com\/","logo":{"@type":"ImageObject","inLanguage":"pl-PL","@id":"https:\/\/www.claybyme.com\/#\/schema\/logo\/image\/","url":"https:\/\/www.claybyme.com\/wp-content\/uploads\/2021\/03\/logo_trans.png","contentUrl":"https:\/\/www.claybyme.com\/wp-content\/uploads\/2021\/03\/logo_trans.png","width":877,"height":733,"caption":"claybyme"},"image":{"@id":"https:\/\/www.claybyme.com\/#\/schema\/logo\/image\/"}}]}},"jetpack_sharing_enabled":true,"_links":{"self":[{"href":"https:\/\/www.claybyme.com\/index.php\/wp-json\/wp\/v2\/product\/2605"}],"collection":[{"href":"https:\/\/www.claybyme.com\/index.php\/wp-json\/wp\/v2\/product"}],"about":[{"href":"https:\/\/www.claybyme.com\/index.php\/wp-json\/wp\/v2\/types\/product"}],"wp:featuredmedia":[{"embeddable":true,"href":"https:\/\/www.claybyme.com\/index.php\/wp-json\/wp\/v2\/media\/2609"}],"wp:attachment":[{"href":"https:\/\/www.claybyme.com\/index.php\/wp-json\/wp\/v2\/media?parent=2605"}],"wp:term":[{"taxonomy":"product_cat","embeddable":true,"href":"https:\/\/www.claybyme.com\/index.php\/wp-json\/wp\/v2\/product_cat?post=2605"},{"taxonomy":"product_tag","embeddable":true,"href":"https:\/\/www.claybyme.com\/index.php\/wp-json\/wp\/v2\/product_tag?post=2605"}],"curies":[{"name":"wp","href":"https:\/\/api.w.org\/{rel}","templated":true}]}}